{"id":87,"date":"2017-09-28T17:52:35","date_gmt":"2017-09-28T15:52:35","guid":{"rendered":"http:\/\/coaching37.fr\/?page_id=87"},"modified":"2017-09-28T17:52:35","modified_gmt":"2017-09-28T15:52:35","slug":"si-jetais-un-animal","status":"publish","type":"page","link":"https:\/\/coaching37.fr\/index.php\/si-jetais-un-animal\/","title":{"rendered":"Si j&#8217;\u00e9tais un animal &#8230;"},"content":{"rendered":"<p><strong><u>Si j\u2019\u00e9tais un animal&#8230;<\/u><\/strong><\/p>\n<p>Sans aucun doute, je serai un chat.<\/p>\n<p>Le chat est libre, ind\u00e9pendant, calme, serein et toujours pr\u00eat \u00e0 intervenir,\u2026<\/p>\n","protected":false},"excerpt":{"rendered":"<p>Si j\u2019\u00e9tais un animal&#8230; Sans aucun doute, je serai un chat. Le chat est libre, ind\u00e9pendant, calme, serein et toujours pr\u00eat \u00e0 intervenir,\u2026<\/p>\n","protected":false},"author":1,"featured_media":0,"parent":0,"menu_order":0,"comment_status":"closed","ping_status":"closed","template":"","meta":{"spay_email":""},"jetpack_sharing_enabled":true,"jetpack_shortlink":"https:\/\/wp.me\/P9OI2S-1p","jetpack-related-posts":[{"id":84,"url":"https:\/\/coaching37.fr\/index.php\/si-jetais-un-objet\/","url_meta":{"origin":87,"position":0},"title":"Si j'\u00e9tais un objet ...","date":"28 September 2017","format":false,"excerpt":"Lors d\u2019une de mes premi\u00e8res s\u00e9ances de coaching, mon coach m\u2019a demand\u00e9 de trouver un objet qui me repr\u00e9sente\u00a0! Quelle difficile t\u00e2che et que de r\u00e9flexions\u00a0! Un objet est par essence restrictif (une chaise rouge,\u2026) alors d\u2019un \u00eatre vivant est multiple... dans tous les cas, je cherchais un objet qui\u2026","rel":"","context":"Similar post","img":{"alt_text":"","src":"","width":0,"height":0},"classes":[]},{"id":199,"url":"https:\/\/coaching37.fr\/index.php\/et-plus-encore\/","url_meta":{"origin":87,"position":1},"title":"Et plus encore","date":"7 April 2019","format":false,"excerpt":"\u00a0","rel":"","context":"Similar post","img":{"alt_text":"","src":"","width":0,"height":0},"classes":[]},{"id":47,"url":"https:\/\/coaching37.fr\/index.php\/accueil\/qui-suis-je\/","url_meta":{"origin":87,"position":2},"title":"Qui suis je ?","date":"25 September 2017","format":false,"excerpt":"Ing\u00e9nieur de formation, j\u2019ai exerc\u00e9 en tant qu\u2019ing\u00e9nieur d\u2019\u00e9tudes, pilote de projets ou coordinatrice technique, en veillant sur chacun de mes missions \u00e0 \u00e9couter, comprendre, mettre en relation et f\u00e9d\u00e9rer les diff\u00e9rents acteurs. De nature cr\u00e9ative, je pratique le dessin, le piano, le chant,\u2026 Je puise mon inspiration dans la\u2026","rel":"","context":"Similar post","img":{"alt_text":"","src":"","width":0,"height":0},"classes":[]},{"id":139,"url":"https:\/\/coaching37.fr\/index.php\/comment-se-deroule-un-coaching-personnel\/","url_meta":{"origin":87,"position":3},"title":"Comment se d\u00e9roule un coaching de vie ?","date":"20 October 2017","format":false,"excerpt":"Au d\u00e9but de chaque coaching, je propose un RDV t\u00e9l\u00e9phonique d\u2019une demi-heure (r\u00e9union de cadrage) afin de clarifier avec le futur coach\u00e9 : Qu'est-ce que le coaching\u00a0? Le code de d\u00e9ontologie, Les aspects pratiques : dur\u00e9e, fr\u00e9quence, lieu,\u2026 Le d\u00e9roulement du coaching - Aide \u00e0 la clarification des objectifs ou\u2026","rel":"","context":"Similar post","img":{"alt_text":"","src":"","width":0,"height":0},"classes":[]},{"id":107,"url":"https:\/\/coaching37.fr\/index.php\/deontologie\/","url_meta":{"origin":87,"position":4},"title":"D\u00e9ontologie","date":"5 October 2017","format":false,"excerpt":"Ce code s\u2019applique aussi bien au coaching personnel que professionnel. Les libell\u00e9s en italique sont sp\u00e9cifiques au coaching en entreprise (notions d\u2019organisation et de donneur d\u2019ordre sp\u00e9cifiques). \u00a0 Devoirs du coach Exercice du Coaching Le coach s\u2019autorise en conscience \u00e0 exercer cette fonction \u00e0 partir de sa formation et de\u2026","rel":"","context":"Similar post","img":{"alt_text":"","src":"","width":0,"height":0},"classes":[]},{"id":77,"url":"https:\/\/coaching37.fr\/index.php\/prestations\/","url_meta":{"origin":87,"position":5},"title":"Prestations","date":"26 September 2017","format":false,"excerpt":"Quelque soit la prestation, le cadre est d\u00e9taill\u00e9 lors de la premi\u00e8re s\u00e9ance et est formalis\u00e9 via un contrat qui pr\u00e9cise le ou les objectifs et les conditions de r\u00e9alisation des s\u00e9ances (lieu, fr\u00e9quence, tarif). Coaching de groupe\u00a0: Le nombre de s\u00e9ances et la planification sont convenus lors de la\u2026","rel":"","context":"Similar post","img":{"alt_text":"","src":"","width":0,"height":0},"classes":[]}],"_links":{"self":[{"href":"https:\/\/coaching37.fr\/index.php\/wp-json\/wp\/v2\/pages\/87"}],"collection":[{"href":"https:\/\/coaching37.fr\/index.php\/wp-json\/wp\/v2\/pages"}],"about":[{"href":"https:\/\/coaching37.fr\/index.php\/wp-json\/wp\/v2\/types\/page"}],"author":[{"embeddable":true,"href":"https:\/\/coaching37.fr\/index.php\/wp-json\/wp\/v2\/users\/1"}],"replies":[{"embeddable":true,"href":"https:\/\/coaching37.fr\/index.php\/wp-json\/wp\/v2\/comments?post=87"}],"version-history":[{"count":1,"href":"https:\/\/coaching37.fr\/index.php\/wp-json\/wp\/v2\/pages\/87\/revisions"}],"predecessor-version":[{"id":88,"href":"https:\/\/coaching37.fr\/index.php\/wp-json\/wp\/v2\/pages\/87\/revisions\/88"}],"wp:attachment":[{"href":"https:\/\/coaching37.fr\/index.php\/wp-json\/wp\/v2\/media?parent=87"}],"curies":[{"name":"wp","href":"https:\/\/api.w.org\/{rel}","templated":true}]}}