{"id":79,"date":"2017-09-26T22:13:20","date_gmt":"2017-09-26T20:13:20","guid":{"rendered":"http:\/\/coaching37.fr\/?page_id=79"},"modified":"2017-10-11T13:03:34","modified_gmt":"2017-10-11T11:03:34","slug":"tarifs-et-conditions","status":"publish","type":"page","link":"https:\/\/coaching37.fr\/index.php\/tarifs-et-conditions\/","title":{"rendered":"Tarifs et conditions"},"content":{"rendered":"<p><strong><u>Tarifs : <\/u><\/strong><\/p>\n<p><u>Coaching de vie<\/u>\u00a0: 65 euros la s\u00e9ance.<\/p>\n<p><u>Coaching en entreprise et co-d\u00e9velopement<\/u>\u00a0: un devis est r\u00e9alis\u00e9 \u00e0 l\u2019issue du premier RDV de cadrage de la prestation demand\u00e9e.<\/p>\n<p><strong><u>Lieux\u00a0: <\/u><\/strong><\/p>\n<p><u>Coaching de vie<\/u>\u00a0: Azay le Rideau ou \u00e0 domicile, par t\u00e9l\u00e9phone ou audio-conf\u00e9rence (skype, facetime,\u2026).<\/p>\n<p><u>Coaching professionnel et co-d\u00e9veloppement\u00a0<\/u>: lieu \u00e0 d\u00e9finir dans le contrat.<\/p>\n","protected":false},"excerpt":{"rendered":"<p>Tarifs : Coaching de vie\u00a0: 65 euros la s\u00e9ance. Coaching en entreprise et co-d\u00e9velopement\u00a0: un devis est r\u00e9alis\u00e9 \u00e0 l\u2019issue du premier RDV de cadrage de la prestation demand\u00e9e. Lieux\u00a0: Coaching de vie\u00a0: Azay le Rideau ou \u00e0 domicile, par t\u00e9l\u00e9phone ou audio-conf\u00e9rence (skype, facetime,\u2026). Coaching professionnel et co-d\u00e9veloppement\u00a0: lieu \u00e0 d\u00e9finir dans le contrat.<\/p>\n","protected":false},"author":1,"featured_media":0,"parent":0,"menu_order":0,"comment_status":"closed","ping_status":"closed","template":"","meta":{"spay_email":""},"jetpack_sharing_enabled":true,"jetpack_shortlink":"https:\/\/wp.me\/P9OI2S-1h","jetpack-related-posts":[{"id":77,"url":"https:\/\/coaching37.fr\/index.php\/prestations\/","url_meta":{"origin":79,"position":0},"title":"Prestations","date":"26 September 2017","format":false,"excerpt":"Quelque soit la prestation, le cadre est d\u00e9taill\u00e9 lors de la premi\u00e8re s\u00e9ance et est formalis\u00e9 via un contrat qui pr\u00e9cise le ou les objectifs et les conditions de r\u00e9alisation des s\u00e9ances (lieu, fr\u00e9quence, tarif). Coaching de groupe\u00a0: Le nombre de s\u00e9ances et la planification sont convenus lors de la\u2026","rel":"","context":"Similar post","img":{"alt_text":"","src":"","width":0,"height":0},"classes":[]},{"id":51,"url":"https:\/\/coaching37.fr\/index.php\/accueil\/coach-de-quoi\/coaching-de-vie\/","url_meta":{"origin":79,"position":1},"title":"Le coaching de vie","date":"25 September 2017","format":false,"excerpt":"Le coach de vie est un guide sur le chemin de la compr\u00e9hension et de l\u2019accomplissement de soi, en toute autonomie et en toute conscience. S\u2019accomplir\u2026 C\u2019est mieux se conna\u00eetre, se reconnecter ou se r\u00e9aligner avec ses besoins et ses valeurs et retrouver l\u2019estime de soi. C\u2019est faire des choix\u2026","rel":"","context":"Similar post","img":{"alt_text":"","src":"","width":0,"height":0},"classes":[]},{"id":139,"url":"https:\/\/coaching37.fr\/index.php\/comment-se-deroule-un-coaching-personnel\/","url_meta":{"origin":79,"position":2},"title":"Comment se d\u00e9roule un coaching de vie ?","date":"20 October 2017","format":false,"excerpt":"Au d\u00e9but de chaque coaching, je propose un RDV t\u00e9l\u00e9phonique d\u2019une demi-heure (r\u00e9union de cadrage) afin de clarifier avec le futur coach\u00e9 : Qu'est-ce que le coaching\u00a0? Le code de d\u00e9ontologie, Les aspects pratiques : dur\u00e9e, fr\u00e9quence, lieu,\u2026 Le d\u00e9roulement du coaching - Aide \u00e0 la clarification des objectifs ou\u2026","rel":"","context":"Similar post","img":{"alt_text":"","src":"","width":0,"height":0},"classes":[]},{"id":195,"url":"https:\/\/coaching37.fr\/index.php\/un-coaching-nature-et-naturel\/","url_meta":{"origin":79,"position":3},"title":"Un coaching nature et naturel","date":"7 April 2019","format":false,"excerpt":"\"Nature\" parce que je pense que la Nature est inspiratrice, r\u00e9g\u00e9n\u00e9ratrice, exemplaire dans son adaptation. Un coaching Nature pour garder sa capacit\u00e9 d'\u00e9merveillement de ce qui nous entoure, pour que la Nature soit ou reste le rayon de soleil qui perce \u00e0 travers les nuages et qui nous donne l'espoir\u2026","rel":"","context":"Similar post","img":{"alt_text":"","src":"","width":0,"height":0},"classes":[]},{"id":47,"url":"https:\/\/coaching37.fr\/index.php\/accueil\/qui-suis-je\/","url_meta":{"origin":79,"position":4},"title":"Qui suis je ?","date":"25 September 2017","format":false,"excerpt":"Ing\u00e9nieur de formation, j\u2019ai exerc\u00e9 en tant qu\u2019ing\u00e9nieur d\u2019\u00e9tudes, pilote de projets ou coordinatrice technique, en veillant sur chacun de mes missions \u00e0 \u00e9couter, comprendre, mettre en relation et f\u00e9d\u00e9rer les diff\u00e9rents acteurs. De nature cr\u00e9ative, je pratique le dessin, le piano, le chant,\u2026 Je puise mon inspiration dans la\u2026","rel":"","context":"Similar post","img":{"alt_text":"","src":"","width":0,"height":0},"classes":[]},{"id":107,"url":"https:\/\/coaching37.fr\/index.php\/deontologie\/","url_meta":{"origin":79,"position":5},"title":"D\u00e9ontologie","date":"5 October 2017","format":false,"excerpt":"Ce code s\u2019applique aussi bien au coaching personnel que professionnel. Les libell\u00e9s en italique sont sp\u00e9cifiques au coaching en entreprise (notions d\u2019organisation et de donneur d\u2019ordre sp\u00e9cifiques). \u00a0 Devoirs du coach Exercice du Coaching Le coach s\u2019autorise en conscience \u00e0 exercer cette fonction \u00e0 partir de sa formation et de\u2026","rel":"","context":"Similar post","img":{"alt_text":"","src":"","width":0,"height":0},"classes":[]}],"_links":{"self":[{"href":"https:\/\/coaching37.fr\/index.php\/wp-json\/wp\/v2\/pages\/79"}],"collection":[{"href":"https:\/\/coaching37.fr\/index.php\/wp-json\/wp\/v2\/pages"}],"about":[{"href":"https:\/\/coaching37.fr\/index.php\/wp-json\/wp\/v2\/types\/page"}],"author":[{"embeddable":true,"href":"https:\/\/coaching37.fr\/index.php\/wp-json\/wp\/v2\/users\/1"}],"replies":[{"embeddable":true,"href":"https:\/\/coaching37.fr\/index.php\/wp-json\/wp\/v2\/comments?post=79"}],"version-history":[{"count":4,"href":"https:\/\/coaching37.fr\/index.php\/wp-json\/wp\/v2\/pages\/79\/revisions"}],"predecessor-version":[{"id":129,"href":"https:\/\/coaching37.fr\/index.php\/wp-json\/wp\/v2\/pages\/79\/revisions\/129"}],"wp:attachment":[{"href":"https:\/\/coaching37.fr\/index.php\/wp-json\/wp\/v2\/media?parent=79"}],"curies":[{"name":"wp","href":"https:\/\/api.w.org\/{rel}","templated":true}]}}