{"id":77,"date":"2017-09-26T22:12:57","date_gmt":"2017-09-26T20:12:57","guid":{"rendered":"http:\/\/coaching37.fr\/?page_id=77"},"modified":"2021-11-24T13:39:49","modified_gmt":"2021-11-24T12:39:49","slug":"prestations","status":"publish","type":"page","link":"https:\/\/coaching37.fr\/index.php\/prestations\/","title":{"rendered":"Prestations"},"content":{"rendered":"<p>Quelque soit la prestation, le cadre est d\u00e9taill\u00e9 lors de la premi\u00e8re s\u00e9ance et est formalis\u00e9 via un contrat qui pr\u00e9cise le ou les objectifs et les conditions de r\u00e9alisation des s\u00e9ances (lieu, fr\u00e9quence, tarif).<\/p>\n<p><u>Coaching de groupe\u00a0: <\/u><\/p>\n<p>Le nombre de s\u00e9ances et la planification sont convenus lors de la r\u00e9union de cadrage, selon les besoins du collectif.<\/p>\n<p><u>Co-d\u00e9veloppement<\/u><\/p>\n<p>Un atelier dure 1h30 \u00e0 2h.<\/p>\n<p>Les ateliers peuvent \u00eatre organis\u00e9s de mani\u00e8re ponctuelle ou p\u00e9riodiquement afin de f\u00e9d\u00e9rer et dynamiser sur le long terme un collectif.<\/p>\n<p><u>Coaching individuel : <\/u><\/p>\n<p>Le coaching d\u2019une personne peut \u00eatre r\u00e9alis\u00e9 \u00e0 titre priv\u00e9 (<a href=\"http:\/\/coaching37.fr\/index.php\/accueil\/coach-de-quoi\/coaching-de-vie\/\">coaching de vie<\/a>) ou en entreprise (<a href=\"http:\/\/coaching37.fr\/index.php\/coaching-individuel-professionnel\/\">coaching individuel professionnel<\/a>).<\/p>\n<blockquote class=\"wp-embedded-content\" data-secret=\"rwpi6z3C6f\"><p><a href=\"http:\/\/coaching37.fr\/index.php\/comment-se-deroule-un-coaching-personnel\/\">Comment se d\u00e9roule un coaching personnel ?<\/a><\/p><\/blockquote>\n<p><iframe class=\"wp-embedded-content\" sandbox=\"allow-scripts\" security=\"restricted\" style=\"position: absolute; clip: rect(1px, 1px, 1px, 1px);\" src=\"http:\/\/coaching37.fr\/index.php\/comment-se-deroule-un-coaching-personnel\/embed\/#?secret=rwpi6z3C6f\" data-secret=\"rwpi6z3C6f\" width=\"525\" height=\"296\" title=\"&#8220;Comment se d\u00e9roule un coaching personnel ?&#8221; &#8212; Christelle VIDAL\" frameborder=\"0\" marginwidth=\"0\" marginheight=\"0\" scrolling=\"no\"><\/iframe><\/p>\n","protected":false},"excerpt":{"rendered":"<p>Quelque soit la prestation, le cadre est d\u00e9taill\u00e9 lors de la premi\u00e8re s\u00e9ance et est formalis\u00e9 via un contrat qui pr\u00e9cise le ou les objectifs et les conditions de r\u00e9alisation des s\u00e9ances (lieu, fr\u00e9quence, tarif). Coaching de groupe\u00a0: Le nombre de s\u00e9ances et la planification sont convenus lors de la r\u00e9union de cadrage, selon les &hellip; <\/p>\n<p class=\"link-more\"><a href=\"https:\/\/coaching37.fr\/index.php\/prestations\/\" class=\"more-link\">Continue reading<span class=\"screen-reader-text\"> &#8220;Prestations&#8221;<\/span><\/a><\/p>\n","protected":false},"author":1,"featured_media":0,"parent":0,"menu_order":0,"comment_status":"closed","ping_status":"closed","template":"","meta":{"spay_email":""},"jetpack_sharing_enabled":true,"jetpack_shortlink":"https:\/\/wp.me\/P9OI2S-1f","jetpack-related-posts":[{"id":211,"url":"https:\/\/coaching37.fr\/index.php\/coaching-individuel-professionnel\/","url_meta":{"origin":77,"position":0},"title":"Coaching individuel professionnel","date":"7 April 2019","format":false,"excerpt":"Coaching de performance Un accompagnement rapide de 4 \u00e0 5 s\u00e9ances pour favoriser la prise de d\u00e9cisions. Guidance Il s'agit d'un accompagnement sur mesure pour des personnes qui ont d\u00e9j\u00e0 r\u00e9alis\u00e9 un travail sur elles-m\u00eames et qui souhaitent continuer (12 \u00e0 15 s\u00e9ances). Crise Cette accompagnement tr\u00e8s sp\u00e9cifique est r\u00e9alis\u00e9\u2026","rel":"","context":"Similar post","img":{"alt_text":"","src":"","width":0,"height":0},"classes":[]},{"id":139,"url":"https:\/\/coaching37.fr\/index.php\/comment-se-deroule-un-coaching-personnel\/","url_meta":{"origin":77,"position":1},"title":"Comment se d\u00e9roule un coaching de vie ?","date":"20 October 2017","format":false,"excerpt":"Au d\u00e9but de chaque coaching, je propose un RDV t\u00e9l\u00e9phonique d\u2019une demi-heure (r\u00e9union de cadrage) afin de clarifier avec le futur coach\u00e9 : Qu'est-ce que le coaching\u00a0? Le code de d\u00e9ontologie, Les aspects pratiques : dur\u00e9e, fr\u00e9quence, lieu,\u2026 Le d\u00e9roulement du coaching - Aide \u00e0 la clarification des objectifs ou\u2026","rel":"","context":"Similar post","img":{"alt_text":"","src":"","width":0,"height":0},"classes":[]},{"id":107,"url":"https:\/\/coaching37.fr\/index.php\/deontologie\/","url_meta":{"origin":77,"position":2},"title":"D\u00e9ontologie","date":"5 October 2017","format":false,"excerpt":"Ce code s\u2019applique aussi bien au coaching personnel que professionnel. Les libell\u00e9s en italique sont sp\u00e9cifiques au coaching en entreprise (notions d\u2019organisation et de donneur d\u2019ordre sp\u00e9cifiques). \u00a0 Devoirs du coach Exercice du Coaching Le coach s\u2019autorise en conscience \u00e0 exercer cette fonction \u00e0 partir de sa formation et de\u2026","rel":"","context":"Similar post","img":{"alt_text":"","src":"","width":0,"height":0},"classes":[]},{"id":205,"url":"https:\/\/coaching37.fr\/index.php\/coaching-dequipe\/","url_meta":{"origin":77,"position":3},"title":"Coaching d'\u00e9quipe","date":"7 April 2019","format":false,"excerpt":"Le coaching d'\u00e9quipe peut se pr\u00e9senter sous les quatre formes principales ci-dessous. Team building Il s'agit d'un acc\u00e9l\u00e9rateur permettant \u00e0 une \u00e9quipe qui n'a pas suffisamment de v\u00e9cu commun de se construire. Il s'agit sur une p\u00e9riode courte \u00a0(2 \u00e0 3 jours) de faire vivre des \u00e9v\u00e8nements sp\u00e9cifiques \u00e0 ce\u2026","rel":"","context":"Similar post","img":{"alt_text":"","src":"","width":0,"height":0},"classes":[]},{"id":84,"url":"https:\/\/coaching37.fr\/index.php\/si-jetais-un-objet\/","url_meta":{"origin":77,"position":4},"title":"Si j'\u00e9tais un objet ...","date":"28 September 2017","format":false,"excerpt":"Lors d\u2019une de mes premi\u00e8res s\u00e9ances de coaching, mon coach m\u2019a demand\u00e9 de trouver un objet qui me repr\u00e9sente\u00a0! Quelle difficile t\u00e2che et que de r\u00e9flexions\u00a0! Un objet est par essence restrictif (une chaise rouge,\u2026) alors d\u2019un \u00eatre vivant est multiple... dans tous les cas, je cherchais un objet qui\u2026","rel":"","context":"Similar post","img":{"alt_text":"","src":"","width":0,"height":0},"classes":[]},{"id":25,"url":"https:\/\/coaching37.fr\/","url_meta":{"origin":77,"position":5},"title":"Bienvenue,","date":"25 September 2017","format":false,"excerpt":"GUIDE EN SYLVOTHERAPIE SELON L'APPROCHE COACH RESPIRATION C'est avec plaisir que j'int\u00e8gre cette nouvelle approche dans ma pratique. J'ai \u00e9t\u00e9 form\u00e9e au sein de l'Ecole de Coach Respiration\u00a0aupr\u00e8s de Jean-Marie DEFOSSEZ et Laurence PAGANUCCI.\u00a0 Je vous propose d\u00e8s \u00e0 pr\u00e9sent des sorties collectives, individuelles, en couple, sur mesure, pour les\u2026","rel":"","context":"Similar post","img":{"alt_text":"","src":"","width":0,"height":0},"classes":[]}],"_links":{"self":[{"href":"https:\/\/coaching37.fr\/index.php\/wp-json\/wp\/v2\/pages\/77"}],"collection":[{"href":"https:\/\/coaching37.fr\/index.php\/wp-json\/wp\/v2\/pages"}],"about":[{"href":"https:\/\/coaching37.fr\/index.php\/wp-json\/wp\/v2\/types\/page"}],"author":[{"embeddable":true,"href":"https:\/\/coaching37.fr\/index.php\/wp-json\/wp\/v2\/users\/1"}],"replies":[{"embeddable":true,"href":"https:\/\/coaching37.fr\/index.php\/wp-json\/wp\/v2\/comments?post=77"}],"version-history":[{"count":18,"href":"https:\/\/coaching37.fr\/index.php\/wp-json\/wp\/v2\/pages\/77\/revisions"}],"predecessor-version":[{"id":293,"href":"https:\/\/coaching37.fr\/index.php\/wp-json\/wp\/v2\/pages\/77\/revisions\/293"}],"wp:attachment":[{"href":"https:\/\/coaching37.fr\/index.php\/wp-json\/wp\/v2\/media?parent=77"}],"curies":[{"name":"wp","href":"https:\/\/api.w.org\/{rel}","templated":true}]}}