{"id":55,"date":"2017-09-25T13:10:56","date_gmt":"2017-09-25T11:10:56","guid":{"rendered":"http:\/\/coaching37.fr\/?page_id=55"},"modified":"2019-04-08T21:07:41","modified_gmt":"2019-04-08T19:07:41","slug":"et-le-co-developpement-cest-quoi","status":"publish","type":"page","link":"https:\/\/coaching37.fr\/index.php\/et-le-co-developpement-cest-quoi\/","title":{"rendered":"Le co-d\u00e9veloppement"},"content":{"rendered":"<p><strong>&nbsp;<\/strong><\/p>\n<p>C\u2019est utiliser <strong>l\u2019intelligence collective<\/strong> afin de <strong>r\u00e9soudre une probl\u00e9matique amen\u00e9e par une personne<\/strong>. Il s\u2019adresse \u00e0 un collectif de pairs&nbsp;: une \u00e9quipe ou des personnes ayant la m\u00eame fonction dans une ou plusieurs entreprises, dans le milieu<\/p>\n","protected":false},"excerpt":{"rendered":"<p>&nbsp; C\u2019est utiliser l\u2019intelligence collective afin de r\u00e9soudre une probl\u00e9matique amen\u00e9e par une personne. Il s\u2019adresse \u00e0 un collectif de pairs&nbsp;: une \u00e9quipe ou des personnes ayant la m\u00eame fonction dans une ou plusieurs entreprises, dans le milieu<\/p>\n","protected":false},"author":1,"featured_media":0,"parent":0,"menu_order":3,"comment_status":"closed","ping_status":"closed","template":"","meta":{"spay_email":""},"jetpack_sharing_enabled":true,"jetpack_shortlink":"https:\/\/wp.me\/P9OI2S-T","jetpack-related-posts":[{"id":47,"url":"https:\/\/coaching37.fr\/index.php\/accueil\/qui-suis-je\/","url_meta":{"origin":55,"position":0},"title":"Qui suis je ?","date":"25 September 2017","format":false,"excerpt":"Ing\u00e9nieur de formation, j\u2019ai exerc\u00e9 en tant qu\u2019ing\u00e9nieur d\u2019\u00e9tudes, pilote de projets ou coordinatrice technique, en veillant sur chacun de mes missions \u00e0 \u00e9couter, comprendre, mettre en relation et f\u00e9d\u00e9rer les diff\u00e9rents acteurs. De nature cr\u00e9ative, je pratique le dessin, le piano, le chant,\u2026 Je puise mon inspiration dans la\u2026","rel":"","context":"Similar post","img":{"alt_text":"","src":"","width":0,"height":0},"classes":[]},{"id":205,"url":"https:\/\/coaching37.fr\/index.php\/coaching-dequipe\/","url_meta":{"origin":55,"position":1},"title":"Coaching d'\u00e9quipe","date":"7 April 2019","format":false,"excerpt":"Le coaching d'\u00e9quipe peut se pr\u00e9senter sous les quatre formes principales ci-dessous. Team building Il s'agit d'un acc\u00e9l\u00e9rateur permettant \u00e0 une \u00e9quipe qui n'a pas suffisamment de v\u00e9cu commun de se construire. Il s'agit sur une p\u00e9riode courte \u00a0(2 \u00e0 3 jours) de faire vivre des \u00e9v\u00e8nements sp\u00e9cifiques \u00e0 ce\u2026","rel":"","context":"Similar post","img":{"alt_text":"","src":"","width":0,"height":0},"classes":[]},{"id":25,"url":"https:\/\/coaching37.fr\/","url_meta":{"origin":55,"position":2},"title":"Bienvenue,","date":"25 September 2017","format":false,"excerpt":"GUIDE EN SYLVOTHERAPIE SELON L'APPROCHE COACH RESPIRATION C'est avec plaisir que j'int\u00e8gre cette nouvelle approche dans ma pratique. J'ai \u00e9t\u00e9 form\u00e9e au sein de l'Ecole de Coach Respiration\u00a0aupr\u00e8s de Jean-Marie DEFOSSEZ et Laurence PAGANUCCI.\u00a0 Je vous propose d\u00e8s \u00e0 pr\u00e9sent des sorties collectives, individuelles, en couple, sur mesure, pour les\u2026","rel":"","context":"Similar post","img":{"alt_text":"","src":"","width":0,"height":0},"classes":[]},{"id":190,"url":"https:\/\/coaching37.fr\/index.php\/bienvenue\/","url_meta":{"origin":55,"position":3},"title":"Bienvenue","date":"7 April 2019","format":false,"excerpt":"Le monde du digital prend de plus en plus de place dans notre quotidien, que ce soit dans notre sph\u00e8re personnelle ou dans le monde professionnel. Nos modes de communication se digitalisent (mails, messagerie instantan\u00e9e, r\u00e9seau,...) et nos rep\u00e8res ancestraux s'effacent sans que nous nous en rendions compte. D'un autre\u2026","rel":"","context":"Similar post","img":{"alt_text":"","src":"","width":0,"height":0},"classes":[]},{"id":107,"url":"https:\/\/coaching37.fr\/index.php\/deontologie\/","url_meta":{"origin":55,"position":4},"title":"D\u00e9ontologie","date":"5 October 2017","format":false,"excerpt":"Ce code s\u2019applique aussi bien au coaching personnel que professionnel. Les libell\u00e9s en italique sont sp\u00e9cifiques au coaching en entreprise (notions d\u2019organisation et de donneur d\u2019ordre sp\u00e9cifiques). \u00a0 Devoirs du coach Exercice du Coaching Le coach s\u2019autorise en conscience \u00e0 exercer cette fonction \u00e0 partir de sa formation et de\u2026","rel":"","context":"Similar post","img":{"alt_text":"","src":"","width":0,"height":0},"classes":[]},{"id":211,"url":"https:\/\/coaching37.fr\/index.php\/coaching-individuel-professionnel\/","url_meta":{"origin":55,"position":5},"title":"Coaching individuel professionnel","date":"7 April 2019","format":false,"excerpt":"Coaching de performance Un accompagnement rapide de 4 \u00e0 5 s\u00e9ances pour favoriser la prise de d\u00e9cisions. Guidance Il s'agit d'un accompagnement sur mesure pour des personnes qui ont d\u00e9j\u00e0 r\u00e9alis\u00e9 un travail sur elles-m\u00eames et qui souhaitent continuer (12 \u00e0 15 s\u00e9ances). Crise Cette accompagnement tr\u00e8s sp\u00e9cifique est r\u00e9alis\u00e9\u2026","rel":"","context":"Similar post","img":{"alt_text":"","src":"","width":0,"height":0},"classes":[]}],"_links":{"self":[{"href":"https:\/\/coaching37.fr\/index.php\/wp-json\/wp\/v2\/pages\/55"}],"collection":[{"href":"https:\/\/coaching37.fr\/index.php\/wp-json\/wp\/v2\/pages"}],"about":[{"href":"https:\/\/coaching37.fr\/index.php\/wp-json\/wp\/v2\/types\/page"}],"author":[{"embeddable":true,"href":"https:\/\/coaching37.fr\/index.php\/wp-json\/wp\/v2\/users\/1"}],"replies":[{"embeddable":true,"href":"https:\/\/coaching37.fr\/index.php\/wp-json\/wp\/v2\/comments?post=55"}],"version-history":[{"count":2,"href":"https:\/\/coaching37.fr\/index.php\/wp-json\/wp\/v2\/pages\/55\/revisions"}],"predecessor-version":[{"id":232,"href":"https:\/\/coaching37.fr\/index.php\/wp-json\/wp\/v2\/pages\/55\/revisions\/232"}],"wp:attachment":[{"href":"https:\/\/coaching37.fr\/index.php\/wp-json\/wp\/v2\/media?parent=55"}],"curies":[{"name":"wp","href":"https:\/\/api.w.org\/{rel}","templated":true}]}}