{"id":53,"date":"2017-09-25T13:10:42","date_gmt":"2017-09-25T11:10:42","guid":{"rendered":"http:\/\/coaching37.fr\/?page_id=53"},"modified":"2019-04-07T16:05:39","modified_gmt":"2019-04-07T14:05:39","slug":"coach-milieu-pro","status":"publish","type":"page","link":"https:\/\/coaching37.fr\/index.php\/accueil\/coach-de-quoi\/coach-milieu-pro\/","title":{"rendered":"Le coaching dans le milieu professionnel"},"content":{"rendered":"<blockquote class=\"wp-embedded-content\" data-secret=\"bI1JgUe8ji\"><p><a href=\"http:\/\/coaching37.fr\/index.php\/coaching-dequipe\/\">Coaching d&#8217;\u00e9quipe<\/a><\/p><\/blockquote>\n<p><iframe class=\"wp-embedded-content\" sandbox=\"allow-scripts\" security=\"restricted\" style=\"position: absolute; clip: rect(1px, 1px, 1px, 1px);\" src=\"http:\/\/coaching37.fr\/index.php\/coaching-dequipe\/embed\/#?secret=bI1JgUe8ji\" data-secret=\"bI1JgUe8ji\" width=\"525\" height=\"296\" title=\"&#8220;Coaching d&#8217;\u00e9quipe&#8221; &#8212; Christelle VIDAL\" frameborder=\"0\" marginwidth=\"0\" marginheight=\"0\" scrolling=\"no\"><\/iframe><\/p>\n<blockquote class=\"wp-embedded-content\" data-secret=\"dKUtjb0EZZ\"><p><a href=\"http:\/\/coaching37.fr\/index.php\/coaching-individuel-professionnel\/\">Coaching individuel professionnel<\/a><\/p><\/blockquote>\n<p><iframe class=\"wp-embedded-content\" sandbox=\"allow-scripts\" security=\"restricted\" style=\"position: absolute; clip: rect(1px, 1px, 1px, 1px);\" src=\"http:\/\/coaching37.fr\/index.php\/coaching-individuel-professionnel\/embed\/#?secret=dKUtjb0EZZ\" data-secret=\"dKUtjb0EZZ\" width=\"525\" height=\"296\" title=\"&#8220;Coaching individuel professionnel&#8221; &#8212; Christelle VIDAL\" frameborder=\"0\" marginwidth=\"0\" marginheight=\"0\" scrolling=\"no\"><\/iframe><\/p>\n","protected":false},"excerpt":{"rendered":"","protected":false},"author":1,"featured_media":0,"parent":64,"menu_order":2,"comment_status":"closed","ping_status":"closed","template":"","meta":{"spay_email":""},"jetpack_sharing_enabled":true,"jetpack_shortlink":"https:\/\/wp.me\/P9OI2S-R","jetpack-related-posts":[{"id":77,"url":"https:\/\/coaching37.fr\/index.php\/prestations\/","url_meta":{"origin":53,"position":0},"title":"Prestations","date":"26 September 2017","format":false,"excerpt":"Quelque soit la prestation, le cadre est d\u00e9taill\u00e9 lors de la premi\u00e8re s\u00e9ance et est formalis\u00e9 via un contrat qui pr\u00e9cise le ou les objectifs et les conditions de r\u00e9alisation des s\u00e9ances (lieu, fr\u00e9quence, tarif). Coaching de groupe\u00a0: Le nombre de s\u00e9ances et la planification sont convenus lors de la\u2026","rel":"","context":"Similar post","img":{"alt_text":"","src":"","width":0,"height":0},"classes":[]},{"id":79,"url":"https:\/\/coaching37.fr\/index.php\/tarifs-et-conditions\/","url_meta":{"origin":53,"position":1},"title":"Tarifs et conditions","date":"26 September 2017","format":false,"excerpt":"Tarifs : Coaching de vie\u00a0: 65 euros la s\u00e9ance. Coaching en entreprise et co-d\u00e9velopement\u00a0: un devis est r\u00e9alis\u00e9 \u00e0 l\u2019issue du premier RDV de cadrage de la prestation demand\u00e9e. Lieux\u00a0: Coaching de vie\u00a0: Azay le Rideau ou \u00e0 domicile, par t\u00e9l\u00e9phone ou audio-conf\u00e9rence (skype, facetime,\u2026). Coaching professionnel et co-d\u00e9veloppement\u00a0: lieu\u2026","rel":"","context":"Similar post","img":{"alt_text":"","src":"","width":0,"height":0},"classes":[]},{"id":151,"url":"https:\/\/coaching37.fr\/index.php\/ma-formation\/","url_meta":{"origin":53,"position":2},"title":"Mes formations","date":"23 October 2017","format":false,"excerpt":"2017 J'ai suivi la formation de \"Coach personnel et professionnel\" \u00e0 l'Ecole Fran\u00e7aise de Coaching, groupe MHD. Je suis coach professionnelle certifi\u00e9. J'ai le titre professionnel RNCP \"Coach professionnel Niveau II, code NSF315\". 2018 Formation \"Cr\u00e9ativit\u00e9 et innovation\" Formation \"Les Cl\u00e9s du coaching Nature\" 2019 Design thinking Sensibilisation \u00e0 la\u2026","rel":"","context":"Similar post","img":{"alt_text":"","src":"","width":0,"height":0},"classes":[]},{"id":211,"url":"https:\/\/coaching37.fr\/index.php\/coaching-individuel-professionnel\/","url_meta":{"origin":53,"position":3},"title":"Coaching individuel professionnel","date":"7 April 2019","format":false,"excerpt":"Coaching de performance Un accompagnement rapide de 4 \u00e0 5 s\u00e9ances pour favoriser la prise de d\u00e9cisions. Guidance Il s'agit d'un accompagnement sur mesure pour des personnes qui ont d\u00e9j\u00e0 r\u00e9alis\u00e9 un travail sur elles-m\u00eames et qui souhaitent continuer (12 \u00e0 15 s\u00e9ances). Crise Cette accompagnement tr\u00e8s sp\u00e9cifique est r\u00e9alis\u00e9\u2026","rel":"","context":"Similar post","img":{"alt_text":"","src":"","width":0,"height":0},"classes":[]},{"id":64,"url":"https:\/\/coaching37.fr\/index.php\/accueil\/coach-de-quoi\/","url_meta":{"origin":53,"position":4},"title":"Coach de quoi ?","date":"25 September 2017","format":false,"excerpt":"C'est souvent la premi\u00e8re question que l'on me pose lorsque je dis que je suis coach ! http:\/\/coaching37.fr\/index.php\/accueil\/coach-de-quoi\/coach-milieu-pro\/ http:\/\/coaching37.fr\/index.php\/et-le-co-developpement-cest-quoi\/ http:\/\/coaching37.fr\/index.php\/accueil\/coach-de-quoi\/coaching-de-vie\/","rel":"","context":"Similar post","img":{"alt_text":"","src":"","width":0,"height":0},"classes":[]},{"id":107,"url":"https:\/\/coaching37.fr\/index.php\/deontologie\/","url_meta":{"origin":53,"position":5},"title":"D\u00e9ontologie","date":"5 October 2017","format":false,"excerpt":"Ce code s\u2019applique aussi bien au coaching personnel que professionnel. Les libell\u00e9s en italique sont sp\u00e9cifiques au coaching en entreprise (notions d\u2019organisation et de donneur d\u2019ordre sp\u00e9cifiques). \u00a0 Devoirs du coach Exercice du Coaching Le coach s\u2019autorise en conscience \u00e0 exercer cette fonction \u00e0 partir de sa formation et de\u2026","rel":"","context":"Similar post","img":{"alt_text":"","src":"","width":0,"height":0},"classes":[]}],"_links":{"self":[{"href":"https:\/\/coaching37.fr\/index.php\/wp-json\/wp\/v2\/pages\/53"}],"collection":[{"href":"https:\/\/coaching37.fr\/index.php\/wp-json\/wp\/v2\/pages"}],"about":[{"href":"https:\/\/coaching37.fr\/index.php\/wp-json\/wp\/v2\/types\/page"}],"author":[{"embeddable":true,"href":"https:\/\/coaching37.fr\/index.php\/wp-json\/wp\/v2\/users\/1"}],"replies":[{"embeddable":true,"href":"https:\/\/coaching37.fr\/index.php\/wp-json\/wp\/v2\/comments?post=53"}],"version-history":[{"count":4,"href":"https:\/\/coaching37.fr\/index.php\/wp-json\/wp\/v2\/pages\/53\/revisions"}],"predecessor-version":[{"id":216,"href":"https:\/\/coaching37.fr\/index.php\/wp-json\/wp\/v2\/pages\/53\/revisions\/216"}],"up":[{"embeddable":true,"href":"https:\/\/coaching37.fr\/index.php\/wp-json\/wp\/v2\/pages\/64"}],"wp:attachment":[{"href":"https:\/\/coaching37.fr\/index.php\/wp-json\/wp\/v2\/media?parent=53"}],"curies":[{"name":"wp","href":"https:\/\/api.w.org\/{rel}","templated":true}]}}