{"id":51,"date":"2017-09-25T13:09:51","date_gmt":"2017-09-25T11:09:51","guid":{"rendered":"http:\/\/coaching37.fr\/?page_id=51"},"modified":"2018-04-20T10:50:27","modified_gmt":"2018-04-20T08:50:27","slug":"coaching-de-vie","status":"publish","type":"page","link":"https:\/\/coaching37.fr\/index.php\/accueil\/coach-de-quoi\/coaching-de-vie\/","title":{"rendered":"Le coaching de vie"},"content":{"rendered":"<p><strong>Le coach de vie est un guide sur le chemin de la compr\u00e9hension et de l\u2019accomplissement de soi, en toute autonomie et en toute conscience.<\/strong><\/p>\n<p><strong>S\u2019accomplir\u2026 <\/strong><\/p>\n<p>C\u2019est mieux se conna\u00eetre, se reconnecter ou se r\u00e9aligner avec ses besoins et ses valeurs et retrouver l\u2019estime de soi.<\/p>\n<p>C\u2019est faire des choix et les assumer parce qu\u2019ils sont n\u00f4tres et qu\u2019ils sont r\u00e9alis\u00e9s en toute \u00e9cologie avec ce que nous sommes vraiment.<\/p>\n<p>C\u2019est trouver sa voix et se mettre en action sur son chemin de vie.<\/p>\n<p><strong>Comprendre\u2026<\/strong><\/p>\n<p>C\u2019est r\u00e9fl\u00e9chir et prendre conscience des liens, croyances, causalit\u00e9s,\u2026 qui peuvent entraver ou conditionner nos propres modes de fonctionnement et nos relations avec les autres.<\/p>\n<p><strong>Agir en toute autonomie et en toute conscience\u2026<\/strong><\/p>\n<p>C\u2019est, \u00e0 la lumi\u00e8re de cette prise de conscience, se mettre en action, se challenger et s\u2019autoriser \u00e0 faire diff\u00e9remment.<\/p>\n<p>C\u2019est assumer, \u00eatre responsable de nos actes et de ce que nous sommes et faisons.<\/p>\n<p>&nbsp;<\/p>\n<p><em><u>Quelques exemples d\u2019objectifs de travail<\/u>\u00a0:<\/em><\/p>\n<ul>\n<li><em>Pr\u00e9parer un examen, un entretien,\u2026<\/em><\/li>\n<li><em>Intervenir en public,<\/em><\/li>\n<li><em>Rencontrer de nouvelles personnes,<\/em><\/li>\n<li><em>Clarifier son projet personnel ou professionnel\u00a0: d\u00e9veloppement d\u2019une nouvelle activit\u00e9, reconversion,\u2026<\/em><\/li>\n<\/ul>\n<p><strong><u><br \/>\n<\/u><\/strong><\/p>\n<p>&nbsp;<\/p>\n","protected":false},"excerpt":{"rendered":"<p>Le coach de vie est un guide sur le chemin de la compr\u00e9hension et de l\u2019accomplissement de soi, en toute autonomie et en toute conscience. S\u2019accomplir\u2026 C\u2019est mieux se conna\u00eetre, se reconnecter ou se r\u00e9aligner avec ses besoins et ses valeurs et retrouver l\u2019estime de soi. C\u2019est faire des choix et les assumer parce qu\u2019ils &hellip; <\/p>\n<p class=\"link-more\"><a href=\"https:\/\/coaching37.fr\/index.php\/accueil\/coach-de-quoi\/coaching-de-vie\/\" class=\"more-link\">Continue reading<span class=\"screen-reader-text\"> &#8220;Le coaching de vie&#8221;<\/span><\/a><\/p>\n","protected":false},"author":1,"featured_media":0,"parent":64,"menu_order":1,"comment_status":"closed","ping_status":"closed","template":"","meta":{"spay_email":""},"jetpack_sharing_enabled":true,"jetpack_shortlink":"https:\/\/wp.me\/P9OI2S-P","jetpack-related-posts":[{"id":84,"url":"https:\/\/coaching37.fr\/index.php\/si-jetais-un-objet\/","url_meta":{"origin":51,"position":0},"title":"Si j'\u00e9tais un objet ...","date":"28 September 2017","format":false,"excerpt":"Lors d\u2019une de mes premi\u00e8res s\u00e9ances de coaching, mon coach m\u2019a demand\u00e9 de trouver un objet qui me repr\u00e9sente\u00a0! Quelle difficile t\u00e2che et que de r\u00e9flexions\u00a0! Un objet est par essence restrictif (une chaise rouge,\u2026) alors d\u2019un \u00eatre vivant est multiple... dans tous les cas, je cherchais un objet qui\u2026","rel":"","context":"Similar post","img":{"alt_text":"","src":"","width":0,"height":0},"classes":[]},{"id":195,"url":"https:\/\/coaching37.fr\/index.php\/un-coaching-nature-et-naturel\/","url_meta":{"origin":51,"position":1},"title":"Un coaching nature et naturel","date":"7 April 2019","format":false,"excerpt":"\"Nature\" parce que je pense que la Nature est inspiratrice, r\u00e9g\u00e9n\u00e9ratrice, exemplaire dans son adaptation. Un coaching Nature pour garder sa capacit\u00e9 d'\u00e9merveillement de ce qui nous entoure, pour que la Nature soit ou reste le rayon de soleil qui perce \u00e0 travers les nuages et qui nous donne l'espoir\u2026","rel":"","context":"Similar post","img":{"alt_text":"","src":"","width":0,"height":0},"classes":[]},{"id":25,"url":"https:\/\/coaching37.fr\/","url_meta":{"origin":51,"position":2},"title":"Bienvenue,","date":"25 September 2017","format":false,"excerpt":"GUIDE EN SYLVOTHERAPIE SELON L'APPROCHE COACH RESPIRATION C'est avec plaisir que j'int\u00e8gre cette nouvelle approche dans ma pratique. J'ai \u00e9t\u00e9 form\u00e9e au sein de l'Ecole de Coach Respiration\u00a0aupr\u00e8s de Jean-Marie DEFOSSEZ et Laurence PAGANUCCI.\u00a0 Je vous propose d\u00e8s \u00e0 pr\u00e9sent des sorties collectives, individuelles, en couple, sur mesure, pour les\u2026","rel":"","context":"Similar post","img":{"alt_text":"","src":"","width":0,"height":0},"classes":[]},{"id":107,"url":"https:\/\/coaching37.fr\/index.php\/deontologie\/","url_meta":{"origin":51,"position":3},"title":"D\u00e9ontologie","date":"5 October 2017","format":false,"excerpt":"Ce code s\u2019applique aussi bien au coaching personnel que professionnel. Les libell\u00e9s en italique sont sp\u00e9cifiques au coaching en entreprise (notions d\u2019organisation et de donneur d\u2019ordre sp\u00e9cifiques). \u00a0 Devoirs du coach Exercice du Coaching Le coach s\u2019autorise en conscience \u00e0 exercer cette fonction \u00e0 partir de sa formation et de\u2026","rel":"","context":"Similar post","img":{"alt_text":"","src":"","width":0,"height":0},"classes":[]},{"id":47,"url":"https:\/\/coaching37.fr\/index.php\/accueil\/qui-suis-je\/","url_meta":{"origin":51,"position":4},"title":"Qui suis je ?","date":"25 September 2017","format":false,"excerpt":"Ing\u00e9nieur de formation, j\u2019ai exerc\u00e9 en tant qu\u2019ing\u00e9nieur d\u2019\u00e9tudes, pilote de projets ou coordinatrice technique, en veillant sur chacun de mes missions \u00e0 \u00e9couter, comprendre, mettre en relation et f\u00e9d\u00e9rer les diff\u00e9rents acteurs. De nature cr\u00e9ative, je pratique le dessin, le piano, le chant,\u2026 Je puise mon inspiration dans la\u2026","rel":"","context":"Similar post","img":{"alt_text":"","src":"","width":0,"height":0},"classes":[]},{"id":139,"url":"https:\/\/coaching37.fr\/index.php\/comment-se-deroule-un-coaching-personnel\/","url_meta":{"origin":51,"position":5},"title":"Comment se d\u00e9roule un coaching de vie ?","date":"20 October 2017","format":false,"excerpt":"Au d\u00e9but de chaque coaching, je propose un RDV t\u00e9l\u00e9phonique d\u2019une demi-heure (r\u00e9union de cadrage) afin de clarifier avec le futur coach\u00e9 : Qu'est-ce que le coaching\u00a0? Le code de d\u00e9ontologie, Les aspects pratiques : dur\u00e9e, fr\u00e9quence, lieu,\u2026 Le d\u00e9roulement du coaching - Aide \u00e0 la clarification des objectifs ou\u2026","rel":"","context":"Similar post","img":{"alt_text":"","src":"","width":0,"height":0},"classes":[]}],"_links":{"self":[{"href":"https:\/\/coaching37.fr\/index.php\/wp-json\/wp\/v2\/pages\/51"}],"collection":[{"href":"https:\/\/coaching37.fr\/index.php\/wp-json\/wp\/v2\/pages"}],"about":[{"href":"https:\/\/coaching37.fr\/index.php\/wp-json\/wp\/v2\/types\/page"}],"author":[{"embeddable":true,"href":"https:\/\/coaching37.fr\/index.php\/wp-json\/wp\/v2\/users\/1"}],"replies":[{"embeddable":true,"href":"https:\/\/coaching37.fr\/index.php\/wp-json\/wp\/v2\/comments?post=51"}],"version-history":[{"count":4,"href":"https:\/\/coaching37.fr\/index.php\/wp-json\/wp\/v2\/pages\/51\/revisions"}],"predecessor-version":[{"id":184,"href":"https:\/\/coaching37.fr\/index.php\/wp-json\/wp\/v2\/pages\/51\/revisions\/184"}],"up":[{"embeddable":true,"href":"https:\/\/coaching37.fr\/index.php\/wp-json\/wp\/v2\/pages\/64"}],"wp:attachment":[{"href":"https:\/\/coaching37.fr\/index.php\/wp-json\/wp\/v2\/media?parent=51"}],"curies":[{"name":"wp","href":"https:\/\/api.w.org\/{rel}","templated":true}]}}