{"id":27,"date":"2017-09-25T13:01:39","date_gmt":"2017-09-25T11:01:39","guid":{"rendered":"http:\/\/coaching37.fr\/?page_id=27"},"modified":"2020-12-10T10:20:33","modified_gmt":"2020-12-10T09:20:33","slug":"contact","status":"publish","type":"page","link":"https:\/\/coaching37.fr\/index.php\/contact\/","title":{"rendered":"Contact et RDV"},"content":{"rendered":"\n<p>Par mail : christelle.vidal@coaching37.fr<\/p>\n\n\n\n<p>Par t\u00e9l\u00e9phone : 06-37-03-79-22<\/p>\n\n\n<h2>RENDEZ-VOUS<\/h2>\n<p>Prenez RDV directement avoir moi\u00a0<\/p>\n<ul>\n<li>Pour une premi\u00e8re s\u00e9ance de contact : <a href=\"https:\/\/calendly.com\/christelle-vidal\/premier-contact\">RDV<\/a><\/li>\n<li>Pour une s\u00e9ance de coaching : <a href=\"https:\/\/calendly.com\/christelle-vidal\/seance-coaching\">RDV<\/a><\/li>\n<\/ul>","protected":false},"excerpt":{"rendered":"<p>Par mail : christelle.vidal@coaching37.fr Par t\u00e9l\u00e9phone : 06-37-03-79-22 RENDEZ-VOUS Prenez RDV directement avoir moi\u00a0 Pour une premi\u00e8re s\u00e9ance de contact : RDV Pour une s\u00e9ance de coaching : RDV<\/p>\n","protected":false},"author":1,"featured_media":0,"parent":0,"menu_order":0,"comment_status":"closed","ping_status":"closed","template":"","meta":{"spay_email":""},"jetpack_sharing_enabled":true,"jetpack_shortlink":"https:\/\/wp.me\/P9OI2S-r","jetpack-related-posts":[{"id":79,"url":"https:\/\/coaching37.fr\/index.php\/tarifs-et-conditions\/","url_meta":{"origin":27,"position":0},"title":"Tarifs et conditions","date":"26 September 2017","format":false,"excerpt":"Tarifs : Coaching de vie\u00a0: 65 euros la s\u00e9ance. Coaching en entreprise et co-d\u00e9velopement\u00a0: un devis est r\u00e9alis\u00e9 \u00e0 l\u2019issue du premier RDV de cadrage de la prestation demand\u00e9e. Lieux\u00a0: Coaching de vie\u00a0: Azay le Rideau ou \u00e0 domicile, par t\u00e9l\u00e9phone ou audio-conf\u00e9rence (skype, facetime,\u2026). Coaching professionnel et co-d\u00e9veloppement\u00a0: lieu\u2026","rel":"","context":"Similar post","img":{"alt_text":"","src":"","width":0,"height":0},"classes":[]},{"id":139,"url":"https:\/\/coaching37.fr\/index.php\/comment-se-deroule-un-coaching-personnel\/","url_meta":{"origin":27,"position":1},"title":"Comment se d\u00e9roule un coaching de vie ?","date":"20 October 2017","format":false,"excerpt":"Au d\u00e9but de chaque coaching, je propose un RDV t\u00e9l\u00e9phonique d\u2019une demi-heure (r\u00e9union de cadrage) afin de clarifier avec le futur coach\u00e9 : Qu'est-ce que le coaching\u00a0? Le code de d\u00e9ontologie, Les aspects pratiques : dur\u00e9e, fr\u00e9quence, lieu,\u2026 Le d\u00e9roulement du coaching - Aide \u00e0 la clarification des objectifs ou\u2026","rel":"","context":"Similar post","img":{"alt_text":"","src":"","width":0,"height":0},"classes":[]},{"id":25,"url":"https:\/\/coaching37.fr\/","url_meta":{"origin":27,"position":2},"title":"Bienvenue,","date":"25 September 2017","format":false,"excerpt":"GUIDE EN SYLVOTHERAPIE SELON L'APPROCHE COACH RESPIRATION C'est avec plaisir que j'int\u00e8gre cette nouvelle approche dans ma pratique. J'ai \u00e9t\u00e9 form\u00e9e au sein de l'Ecole de Coach Respiration\u00a0aupr\u00e8s de Jean-Marie DEFOSSEZ et Laurence PAGANUCCI.\u00a0 Je vous propose d\u00e8s \u00e0 pr\u00e9sent des sorties collectives, individuelles, en couple, sur mesure, pour les\u2026","rel":"","context":"Similar post","img":{"alt_text":"","src":"","width":0,"height":0},"classes":[]},{"id":211,"url":"https:\/\/coaching37.fr\/index.php\/coaching-individuel-professionnel\/","url_meta":{"origin":27,"position":3},"title":"Coaching individuel professionnel","date":"7 April 2019","format":false,"excerpt":"Coaching de performance Un accompagnement rapide de 4 \u00e0 5 s\u00e9ances pour favoriser la prise de d\u00e9cisions. Guidance Il s'agit d'un accompagnement sur mesure pour des personnes qui ont d\u00e9j\u00e0 r\u00e9alis\u00e9 un travail sur elles-m\u00eames et qui souhaitent continuer (12 \u00e0 15 s\u00e9ances). Crise Cette accompagnement tr\u00e8s sp\u00e9cifique est r\u00e9alis\u00e9\u2026","rel":"","context":"Similar post","img":{"alt_text":"","src":"","width":0,"height":0},"classes":[]},{"id":107,"url":"https:\/\/coaching37.fr\/index.php\/deontologie\/","url_meta":{"origin":27,"position":4},"title":"D\u00e9ontologie","date":"5 October 2017","format":false,"excerpt":"Ce code s\u2019applique aussi bien au coaching personnel que professionnel. Les libell\u00e9s en italique sont sp\u00e9cifiques au coaching en entreprise (notions d\u2019organisation et de donneur d\u2019ordre sp\u00e9cifiques). \u00a0 Devoirs du coach Exercice du Coaching Le coach s\u2019autorise en conscience \u00e0 exercer cette fonction \u00e0 partir de sa formation et de\u2026","rel":"","context":"Similar post","img":{"alt_text":"","src":"","width":0,"height":0},"classes":[]},{"id":84,"url":"https:\/\/coaching37.fr\/index.php\/si-jetais-un-objet\/","url_meta":{"origin":27,"position":5},"title":"Si j'\u00e9tais un objet ...","date":"28 September 2017","format":false,"excerpt":"Lors d\u2019une de mes premi\u00e8res s\u00e9ances de coaching, mon coach m\u2019a demand\u00e9 de trouver un objet qui me repr\u00e9sente\u00a0! Quelle difficile t\u00e2che et que de r\u00e9flexions\u00a0! Un objet est par essence restrictif (une chaise rouge,\u2026) alors d\u2019un \u00eatre vivant est multiple... dans tous les cas, je cherchais un objet qui\u2026","rel":"","context":"Similar post","img":{"alt_text":"","src":"","width":0,"height":0},"classes":[]}],"_links":{"self":[{"href":"https:\/\/coaching37.fr\/index.php\/wp-json\/wp\/v2\/pages\/27"}],"collection":[{"href":"https:\/\/coaching37.fr\/index.php\/wp-json\/wp\/v2\/pages"}],"about":[{"href":"https:\/\/coaching37.fr\/index.php\/wp-json\/wp\/v2\/types\/page"}],"author":[{"embeddable":true,"href":"https:\/\/coaching37.fr\/index.php\/wp-json\/wp\/v2\/users\/1"}],"replies":[{"embeddable":true,"href":"https:\/\/coaching37.fr\/index.php\/wp-json\/wp\/v2\/comments?post=27"}],"version-history":[{"count":18,"href":"https:\/\/coaching37.fr\/index.php\/wp-json\/wp\/v2\/pages\/27\/revisions"}],"predecessor-version":[{"id":266,"href":"https:\/\/coaching37.fr\/index.php\/wp-json\/wp\/v2\/pages\/27\/revisions\/266"}],"wp:attachment":[{"href":"https:\/\/coaching37.fr\/index.php\/wp-json\/wp\/v2\/media?parent=27"}],"curies":[{"name":"wp","href":"https:\/\/api.w.org\/{rel}","templated":true}]}}