{"id":267,"date":"2020-12-10T10:23:44","date_gmt":"2020-12-10T09:23:44","guid":{"rendered":"http:\/\/coaching37.fr\/?page_id=267"},"modified":"2020-12-10T10:51:46","modified_gmt":"2020-12-10T09:51:46","slug":"unatera","status":"publish","type":"page","link":"https:\/\/coaching37.fr\/index.php\/accueil\/qui-suis-je\/unatera\/","title":{"rendered":"Membre d&#8217;UNATERA"},"content":{"rendered":"\n<p>L\u2019\u00e9cosyst\u00e8me d\u2019Unatera est une communaut\u00e9 d\u2019entraide, de croissance et de partage d\u2019exp\u00e9riences&nbsp;autour de la transformation positive des individus et des entreprises.<\/p>\n\n\n\n<p>Tous les membres de l\u2019\u00e9cosyst\u00e8me sont investis dans un chemin personnel d\u2019engagement soci\u00e9tal et une \u00e9thique \u00e9co-responsable au service du vivant.<\/p>\n\n\n\n<figure class=\"wp-block-image size-large\"><a href=\"https:\/\/unatera.fr\/\"><img data-attachment-id=\"268\" data-permalink=\"https:\/\/coaching37.fr\/index.php\/accueil\/qui-suis-je\/unatera\/image\/\" data-orig-file=\"https:\/\/i1.wp.com\/coaching37.fr\/wp-content\/uploads\/2020\/12\/image.png?fit=600%2C144&amp;ssl=1\" data-orig-size=\"600,144\" data-comments-opened=\"1\" data-image-meta=\"{&quot;aperture&quot;:&quot;0&quot;,&quot;credit&quot;:&quot;&quot;,&quot;camera&quot;:&quot;&quot;,&quot;caption&quot;:&quot;&quot;,&quot;created_timestamp&quot;:&quot;0&quot;,&quot;copyright&quot;:&quot;&quot;,&quot;focal_length&quot;:&quot;0&quot;,&quot;iso&quot;:&quot;0&quot;,&quot;shutter_speed&quot;:&quot;0&quot;,&quot;title&quot;:&quot;&quot;,&quot;orientation&quot;:&quot;0&quot;}\" data-image-title=\"image\" data-image-description=\"\" data-medium-file=\"https:\/\/i1.wp.com\/coaching37.fr\/wp-content\/uploads\/2020\/12\/image.png?fit=300%2C72&amp;ssl=1\" data-large-file=\"https:\/\/i1.wp.com\/coaching37.fr\/wp-content\/uploads\/2020\/12\/image.png?fit=525%2C126&amp;ssl=1\" loading=\"lazy\" width=\"525\" height=\"126\" src=\"https:\/\/i1.wp.com\/coaching37.fr\/wp-content\/uploads\/2020\/12\/image.png?resize=525%2C126\" alt=\"\" class=\"wp-image-268\" srcset=\"https:\/\/i1.wp.com\/coaching37.fr\/wp-content\/uploads\/2020\/12\/image.png?w=600&amp;ssl=1 600w, https:\/\/i1.wp.com\/coaching37.fr\/wp-content\/uploads\/2020\/12\/image.png?resize=300%2C72&amp;ssl=1 300w\" sizes=\"(max-width: 525px) 100vw, 525px\" data-recalc-dims=\"1\" \/><\/a><\/figure>\n","protected":false},"excerpt":{"rendered":"<p>L\u2019\u00e9cosyst\u00e8me d\u2019Unatera est une communaut\u00e9 d\u2019entraide, de croissance et de partage d\u2019exp\u00e9riences&nbsp;autour de la transformation positive des individus et des entreprises. Tous les membres de l\u2019\u00e9cosyst\u00e8me sont investis dans un chemin personnel d\u2019engagement soci\u00e9tal et une \u00e9thique \u00e9co-responsable au service du vivant.<\/p>\n","protected":false},"author":1,"featured_media":0,"parent":47,"menu_order":0,"comment_status":"closed","ping_status":"closed","template":"","meta":{"spay_email":""},"jetpack_sharing_enabled":true,"jetpack_shortlink":"https:\/\/wp.me\/P9OI2S-4j","jetpack-related-posts":[{"id":47,"url":"https:\/\/coaching37.fr\/index.php\/accueil\/qui-suis-je\/","url_meta":{"origin":267,"position":0},"title":"Qui suis je ?","date":"25 September 2017","format":false,"excerpt":"Ing\u00e9nieur de formation, j\u2019ai exerc\u00e9 en tant qu\u2019ing\u00e9nieur d\u2019\u00e9tudes, pilote de projets ou coordinatrice technique, en veillant sur chacun de mes missions \u00e0 \u00e9couter, comprendre, mettre en relation et f\u00e9d\u00e9rer les diff\u00e9rents acteurs. De nature cr\u00e9ative, je pratique le dessin, le piano, le chant,\u2026 Je puise mon inspiration dans la\u2026","rel":"","context":"Similar post","img":{"alt_text":"","src":"","width":0,"height":0},"classes":[]},{"id":84,"url":"https:\/\/coaching37.fr\/index.php\/si-jetais-un-objet\/","url_meta":{"origin":267,"position":1},"title":"Si j'\u00e9tais un objet ...","date":"28 September 2017","format":false,"excerpt":"Lors d\u2019une de mes premi\u00e8res s\u00e9ances de coaching, mon coach m\u2019a demand\u00e9 de trouver un objet qui me repr\u00e9sente\u00a0! Quelle difficile t\u00e2che et que de r\u00e9flexions\u00a0! Un objet est par essence restrictif (une chaise rouge,\u2026) alors d\u2019un \u00eatre vivant est multiple... dans tous les cas, je cherchais un objet qui\u2026","rel":"","context":"Similar post","img":{"alt_text":"","src":"","width":0,"height":0},"classes":[]},{"id":55,"url":"https:\/\/coaching37.fr\/index.php\/et-le-co-developpement-cest-quoi\/","url_meta":{"origin":267,"position":2},"title":"Le co-d\u00e9veloppement","date":"25 September 2017","format":false,"excerpt":"\u00a0 C\u2019est utiliser l\u2019intelligence collective afin de r\u00e9soudre une probl\u00e9matique amen\u00e9e par une personne. Il s\u2019adresse \u00e0 un collectif de pairs\u00a0: une \u00e9quipe ou des personnes ayant la m\u00eame fonction dans une ou plusieurs entreprises, dans le milieu","rel":"","context":"Similar post","img":{"alt_text":"","src":"","width":0,"height":0},"classes":[]},{"id":107,"url":"https:\/\/coaching37.fr\/index.php\/deontologie\/","url_meta":{"origin":267,"position":3},"title":"D\u00e9ontologie","date":"5 October 2017","format":false,"excerpt":"Ce code s\u2019applique aussi bien au coaching personnel que professionnel. Les libell\u00e9s en italique sont sp\u00e9cifiques au coaching en entreprise (notions d\u2019organisation et de donneur d\u2019ordre sp\u00e9cifiques). \u00a0 Devoirs du coach Exercice du Coaching Le coach s\u2019autorise en conscience \u00e0 exercer cette fonction \u00e0 partir de sa formation et de\u2026","rel":"","context":"Similar post","img":{"alt_text":"","src":"","width":0,"height":0},"classes":[]},{"id":211,"url":"https:\/\/coaching37.fr\/index.php\/coaching-individuel-professionnel\/","url_meta":{"origin":267,"position":4},"title":"Coaching individuel professionnel","date":"7 April 2019","format":false,"excerpt":"Coaching de performance Un accompagnement rapide de 4 \u00e0 5 s\u00e9ances pour favoriser la prise de d\u00e9cisions. Guidance Il s'agit d'un accompagnement sur mesure pour des personnes qui ont d\u00e9j\u00e0 r\u00e9alis\u00e9 un travail sur elles-m\u00eames et qui souhaitent continuer (12 \u00e0 15 s\u00e9ances). Crise Cette accompagnement tr\u00e8s sp\u00e9cifique est r\u00e9alis\u00e9\u2026","rel":"","context":"Similar post","img":{"alt_text":"","src":"","width":0,"height":0},"classes":[]},{"id":205,"url":"https:\/\/coaching37.fr\/index.php\/coaching-dequipe\/","url_meta":{"origin":267,"position":5},"title":"Coaching d'\u00e9quipe","date":"7 April 2019","format":false,"excerpt":"Le coaching d'\u00e9quipe peut se pr\u00e9senter sous les quatre formes principales ci-dessous. Team building Il s'agit d'un acc\u00e9l\u00e9rateur permettant \u00e0 une \u00e9quipe qui n'a pas suffisamment de v\u00e9cu commun de se construire. Il s'agit sur une p\u00e9riode courte \u00a0(2 \u00e0 3 jours) de faire vivre des \u00e9v\u00e8nements sp\u00e9cifiques \u00e0 ce\u2026","rel":"","context":"Similar post","img":{"alt_text":"","src":"","width":0,"height":0},"classes":[]}],"_links":{"self":[{"href":"https:\/\/coaching37.fr\/index.php\/wp-json\/wp\/v2\/pages\/267"}],"collection":[{"href":"https:\/\/coaching37.fr\/index.php\/wp-json\/wp\/v2\/pages"}],"about":[{"href":"https:\/\/coaching37.fr\/index.php\/wp-json\/wp\/v2\/types\/page"}],"author":[{"embeddable":true,"href":"https:\/\/coaching37.fr\/index.php\/wp-json\/wp\/v2\/users\/1"}],"replies":[{"embeddable":true,"href":"https:\/\/coaching37.fr\/index.php\/wp-json\/wp\/v2\/comments?post=267"}],"version-history":[{"count":3,"href":"https:\/\/coaching37.fr\/index.php\/wp-json\/wp\/v2\/pages\/267\/revisions"}],"predecessor-version":[{"id":284,"href":"https:\/\/coaching37.fr\/index.php\/wp-json\/wp\/v2\/pages\/267\/revisions\/284"}],"up":[{"embeddable":true,"href":"https:\/\/coaching37.fr\/index.php\/wp-json\/wp\/v2\/pages\/47"}],"wp:attachment":[{"href":"https:\/\/coaching37.fr\/index.php\/wp-json\/wp\/v2\/media?parent=267"}],"curies":[{"name":"wp","href":"https:\/\/api.w.org\/{rel}","templated":true}]}}