{"id":25,"date":"2017-09-25T13:01:39","date_gmt":"2017-09-25T11:01:39","guid":{"rendered":"http:\/\/coaching37.fr\/?page_id=25"},"modified":"2021-11-24T13:34:39","modified_gmt":"2021-11-24T12:34:39","slug":"accueil","status":"publish","type":"page","link":"https:\/\/coaching37.fr\/","title":{"rendered":"Bienvenue,"},"content":{"rendered":"<h2><strong>GUIDE EN SYLVOTHERAPIE SELON L&#8217;APPROCHE COACH RESPIRATION<\/strong><\/h2>\n<p>C&#8217;est avec plaisir que j&#8217;int\u00e8gre cette nouvelle approche dans ma pratique.<\/p>\n<p>J&#8217;ai \u00e9t\u00e9 form\u00e9e au sein de l&#8217;<a href=\"https:\/\/www.ecole-coach-respiration.com\">Ecole de Coach Respiration<\/a>\u00a0aupr\u00e8s de Jean-Marie DEFOSSEZ et Laurence PAGANUCCI.\u00a0<\/p>\n<p>Je vous propose d\u00e8s \u00e0 pr\u00e9sent des sorties collectives, individuelles, en couple, sur mesure, pour les particuliers et dans les structures professionnelles (entreprises, associations, collectivit\u00e9s,&#8230;).<\/p>\n<p>Au plaisir de vous accompagner aupr\u00e8s des arbres,\u00a0<\/p>\n<h2><strong>PREMIER CONTACT<\/strong><\/h2>\n\n\n<p>Vous avez une question sur le coaching individuel ou collectif ? Vous voulez avoir la confirmation que mon accompagnement vous aidera \u00e0 faire les premiers pas ? Prenez RDV directement sur mon agenda : <a rel=\"noreferrer noopener\" href=\"https:\/\/calendly.com\/christelle-vidal\/premier-contact\" target=\"_blank\">https:\/\/calendly.com\/christelle-vidal\/premier-contact<\/a><\/p>\n\n\n\n<p>A tr\u00e8s bient\u00f4t,<\/p>\n\n\n\n<h2><strong>INTELLIGENCE COLLECTIVE<\/strong><\/h2>\n\n\n\n<p>R\u00e9unir un collectif, une \u00e9quipe. Cr\u00e9er une ambiance propice \u00e0 l&#8217;\u00e9change, au partage. S&#8217;autoriser \u00e0 se d\u00e9voiler et \u00e0 recevoir, s&#8217;enrichir du groupe, enrichir le collectif. Cr\u00e9er ensemble, saisir les possibles qui sont l\u00e0 autour de vous pour r\u00e9soudre vos difficult\u00e9s, mieux fonctionner ensemble&#8230; <\/p>\n\n\n\n<p>Je suis \u00e0 votre disposition pour vous guider sur ce chemin : s\u00e9minaires, ateliers,&#8230;<\/p>\n\n\n<h2 class=\"rich-text editor-rich-text__editable block-editor-rich-text__editable is-selected\" role=\"textbox\" contenteditable=\"true\" aria-multiline=\"true\" aria-label=\"Write heading\u2026\"><strong data-rich-text-format-boundary=\"true\">TRANSFORMATION ET DIGITALISATION<\/strong><\/h2>\n<p>Le monde du digital prend de plus en plus de place dans notre quotidien, que ce soit dans notre sph\u00e8re personnelle ou dans le monde professionnel. Nos modes de communication se digitalisent (mails, messagerie instantan\u00e9e, r\u00e9seau,&#8230;) et nos rep\u00e8res ancestraux s&#8217;effacent sans que nous nous en rendions compte.<\/p>\n<p>D&#8217;un autre c\u00f4t\u00e9, les entreprises sont actuellement en pleine transformation : entreprise lib\u00e9r\u00e9e, responsabilisation, subsidiarit\u00e9, innovation, &#8230;&nbsp;Cette transformation est une r\u00e9elle opportunit\u00e9 de mieux travailler ensemble, collaborer, coop\u00e9rer, donner du sens,&#8230;<\/p>\n<p>Transformation culturelle, digitalisation, ces deux projets sont \u00e0 mener en coh\u00e9rence.<\/p>\n<p>Je vous propose de vous accompagner sur ce chemin.<\/p>\n<p><\/p>\n\n\n<p><\/p>\n\n\n\n<p><\/p>\n","protected":false},"excerpt":{"rendered":"<p>GUIDE EN SYLVOTHERAPIE SELON L&#8217;APPROCHE COACH RESPIRATION C&#8217;est avec plaisir que j&#8217;int\u00e8gre cette nouvelle approche dans ma pratique. J&#8217;ai \u00e9t\u00e9 form\u00e9e au sein de l&#8217;Ecole de Coach Respiration\u00a0aupr\u00e8s de Jean-Marie DEFOSSEZ et Laurence PAGANUCCI.\u00a0 Je vous propose d\u00e8s \u00e0 pr\u00e9sent des sorties collectives, individuelles, en couple, sur mesure, pour les particuliers et dans les structures &hellip; <\/p>\n<p class=\"link-more\"><a href=\"https:\/\/coaching37.fr\/\" class=\"more-link\">Continue reading<span class=\"screen-reader-text\"> &#8220;Bienvenue,&#8221;<\/span><\/a><\/p>\n","protected":false},"author":1,"featured_media":0,"parent":0,"menu_order":0,"comment_status":"closed","ping_status":"closed","template":"","meta":{"spay_email":""},"jetpack_sharing_enabled":true,"jetpack_shortlink":"https:\/\/wp.me\/P9OI2S-p","jetpack-related-posts":[{"id":84,"url":"https:\/\/coaching37.fr\/index.php\/si-jetais-un-objet\/","url_meta":{"origin":25,"position":0},"title":"Si j'\u00e9tais un objet ...","date":"28 September 2017","format":false,"excerpt":"Lors d\u2019une de mes premi\u00e8res s\u00e9ances de coaching, mon coach m\u2019a demand\u00e9 de trouver un objet qui me repr\u00e9sente\u00a0! Quelle difficile t\u00e2che et que de r\u00e9flexions\u00a0! Un objet est par essence restrictif (une chaise rouge,\u2026) alors d\u2019un \u00eatre vivant est multiple... dans tous les cas, je cherchais un objet qui\u2026","rel":"","context":"Similar post","img":{"alt_text":"","src":"","width":0,"height":0},"classes":[]},{"id":107,"url":"https:\/\/coaching37.fr\/index.php\/deontologie\/","url_meta":{"origin":25,"position":1},"title":"D\u00e9ontologie","date":"5 October 2017","format":false,"excerpt":"Ce code s\u2019applique aussi bien au coaching personnel que professionnel. Les libell\u00e9s en italique sont sp\u00e9cifiques au coaching en entreprise (notions d\u2019organisation et de donneur d\u2019ordre sp\u00e9cifiques). \u00a0 Devoirs du coach Exercice du Coaching Le coach s\u2019autorise en conscience \u00e0 exercer cette fonction \u00e0 partir de sa formation et de\u2026","rel":"","context":"Similar post","img":{"alt_text":"","src":"","width":0,"height":0},"classes":[]},{"id":151,"url":"https:\/\/coaching37.fr\/index.php\/ma-formation\/","url_meta":{"origin":25,"position":2},"title":"Mes formations","date":"23 October 2017","format":false,"excerpt":"2017 J'ai suivi la formation de \"Coach personnel et professionnel\" \u00e0 l'Ecole Fran\u00e7aise de Coaching, groupe MHD. Je suis coach professionnelle certifi\u00e9. J'ai le titre professionnel RNCP \"Coach professionnel Niveau II, code NSF315\". 2018 Formation \"Cr\u00e9ativit\u00e9 et innovation\" Formation \"Les Cl\u00e9s du coaching Nature\" 2019 Design thinking Sensibilisation \u00e0 la\u2026","rel":"","context":"Similar post","img":{"alt_text":"","src":"","width":0,"height":0},"classes":[]},{"id":47,"url":"https:\/\/coaching37.fr\/index.php\/accueil\/qui-suis-je\/","url_meta":{"origin":25,"position":3},"title":"Qui suis je ?","date":"25 September 2017","format":false,"excerpt":"Ing\u00e9nieur de formation, j\u2019ai exerc\u00e9 en tant qu\u2019ing\u00e9nieur d\u2019\u00e9tudes, pilote de projets ou coordinatrice technique, en veillant sur chacun de mes missions \u00e0 \u00e9couter, comprendre, mettre en relation et f\u00e9d\u00e9rer les diff\u00e9rents acteurs. De nature cr\u00e9ative, je pratique le dessin, le piano, le chant,\u2026 Je puise mon inspiration dans la\u2026","rel":"","context":"Similar post","img":{"alt_text":"","src":"","width":0,"height":0},"classes":[]},{"id":205,"url":"https:\/\/coaching37.fr\/index.php\/coaching-dequipe\/","url_meta":{"origin":25,"position":4},"title":"Coaching d'\u00e9quipe","date":"7 April 2019","format":false,"excerpt":"Le coaching d'\u00e9quipe peut se pr\u00e9senter sous les quatre formes principales ci-dessous. Team building Il s'agit d'un acc\u00e9l\u00e9rateur permettant \u00e0 une \u00e9quipe qui n'a pas suffisamment de v\u00e9cu commun de se construire. Il s'agit sur une p\u00e9riode courte \u00a0(2 \u00e0 3 jours) de faire vivre des \u00e9v\u00e8nements sp\u00e9cifiques \u00e0 ce\u2026","rel":"","context":"Similar post","img":{"alt_text":"","src":"","width":0,"height":0},"classes":[]},{"id":195,"url":"https:\/\/coaching37.fr\/index.php\/un-coaching-nature-et-naturel\/","url_meta":{"origin":25,"position":5},"title":"Un coaching nature et naturel","date":"7 April 2019","format":false,"excerpt":"\"Nature\" parce que je pense que la Nature est inspiratrice, r\u00e9g\u00e9n\u00e9ratrice, exemplaire dans son adaptation. Un coaching Nature pour garder sa capacit\u00e9 d'\u00e9merveillement de ce qui nous entoure, pour que la Nature soit ou reste le rayon de soleil qui perce \u00e0 travers les nuages et qui nous donne l'espoir\u2026","rel":"","context":"Similar post","img":{"alt_text":"","src":"","width":0,"height":0},"classes":[]}],"_links":{"self":[{"href":"https:\/\/coaching37.fr\/index.php\/wp-json\/wp\/v2\/pages\/25"}],"collection":[{"href":"https:\/\/coaching37.fr\/index.php\/wp-json\/wp\/v2\/pages"}],"about":[{"href":"https:\/\/coaching37.fr\/index.php\/wp-json\/wp\/v2\/types\/page"}],"author":[{"embeddable":true,"href":"https:\/\/coaching37.fr\/index.php\/wp-json\/wp\/v2\/users\/1"}],"replies":[{"embeddable":true,"href":"https:\/\/coaching37.fr\/index.php\/wp-json\/wp\/v2\/comments?post=25"}],"version-history":[{"count":24,"href":"https:\/\/coaching37.fr\/index.php\/wp-json\/wp\/v2\/pages\/25\/revisions"}],"predecessor-version":[{"id":290,"href":"https:\/\/coaching37.fr\/index.php\/wp-json\/wp\/v2\/pages\/25\/revisions\/290"}],"wp:attachment":[{"href":"https:\/\/coaching37.fr\/index.php\/wp-json\/wp\/v2\/media?parent=25"}],"curies":[{"name":"wp","href":"https:\/\/api.w.org\/{rel}","templated":true}]}}