{"id":211,"date":"2019-04-07T16:01:53","date_gmt":"2019-04-07T14:01:53","guid":{"rendered":"http:\/\/coaching37.fr\/?page_id=211"},"modified":"2019-04-07T16:34:06","modified_gmt":"2019-04-07T14:34:06","slug":"coaching-individuel-professionnel","status":"publish","type":"page","link":"https:\/\/coaching37.fr\/index.php\/coaching-individuel-professionnel\/","title":{"rendered":"Coaching individuel professionnel"},"content":{"rendered":"<pre>Coaching de performance<\/pre>\n<p>Un accompagnement rapide de 4 \u00e0 5 s\u00e9ances pour favoriser la prise de d\u00e9cisions.<\/p>\n<pre>Guidance<\/pre>\n<p>Il s&#8217;agit d&#8217;un accompagnement sur mesure pour des personnes qui ont d\u00e9j\u00e0 r\u00e9alis\u00e9 un travail sur elles-m\u00eames et qui souhaitent continuer (12 \u00e0 15 s\u00e9ances).<\/p>\n<pre>Crise<\/pre>\n<p>Cette accompagnement tr\u00e8s sp\u00e9cifique est r\u00e9alis\u00e9 sur une courte p\u00e9riode (1 mois et demi environ) avec des s\u00e9ances tr\u00e8s rapproch\u00e9es (2 \u00e0 3 par semaine). Il s&#8217;agit de traiter une situation d&#8217;urgence car elle pr\u00e9sente un risque pour l&#8217;int\u00e9grit\u00e9 de la personne.<\/p>\n<pre>D\u00e9veloppement<\/pre>\n<p>Il s&#8217;agit d&#8217;un accompagnement sur une dizaine de s\u00e9ance, sur une prise de nouvelles fonctions par exemple.<\/p>\n<pre>Soutien<\/pre>\n<p>Dans ce cas, il ne s&#8217;agit pas d&#8217;un contrat de changement.<\/p>\n<p>Ce peut \u00eatre pour prolonger un coaching de performance ou de d\u00e9veloppement (3 \u00e0 5 s\u00e9ances) ou pour accompagner une personne qui vit une situation traumatique afin de recr\u00e9er les bases de s\u00e9curit\u00e9 (sur mesure, 12 \u00e0 15 s\u00e9ances).<\/p>\n<p><a href=\"http:\/\/coaching37.fr\/index.php\/accueil\/coach-de-quoi\/coach-milieu-pro\/\">Retour<\/a><\/p>\n","protected":false},"excerpt":{"rendered":"<p>Coaching de performance Un accompagnement rapide de 4 \u00e0 5 s\u00e9ances pour favoriser la prise de d\u00e9cisions. Guidance Il s&#8217;agit d&#8217;un accompagnement sur mesure pour des personnes qui ont d\u00e9j\u00e0 r\u00e9alis\u00e9 un travail sur elles-m\u00eames et qui souhaitent continuer (12 \u00e0 15 s\u00e9ances). Crise Cette accompagnement tr\u00e8s sp\u00e9cifique est r\u00e9alis\u00e9 sur une courte p\u00e9riode (1 &hellip; <\/p>\n<p class=\"link-more\"><a href=\"https:\/\/coaching37.fr\/index.php\/coaching-individuel-professionnel\/\" class=\"more-link\">Continue reading<span class=\"screen-reader-text\"> &#8220;Coaching individuel professionnel&#8221;<\/span><\/a><\/p>\n","protected":false},"author":1,"featured_media":0,"parent":0,"menu_order":0,"comment_status":"closed","ping_status":"closed","template":"","meta":{"spay_email":""},"jetpack_sharing_enabled":true,"jetpack_shortlink":"https:\/\/wp.me\/P9OI2S-3p","jetpack-related-posts":[{"id":205,"url":"https:\/\/coaching37.fr\/index.php\/coaching-dequipe\/","url_meta":{"origin":211,"position":0},"title":"Coaching d'\u00e9quipe","date":"7 April 2019","format":false,"excerpt":"Le coaching d'\u00e9quipe peut se pr\u00e9senter sous les quatre formes principales ci-dessous. Team building Il s'agit d'un acc\u00e9l\u00e9rateur permettant \u00e0 une \u00e9quipe qui n'a pas suffisamment de v\u00e9cu commun de se construire. Il s'agit sur une p\u00e9riode courte \u00a0(2 \u00e0 3 jours) de faire vivre des \u00e9v\u00e8nements sp\u00e9cifiques \u00e0 ce\u2026","rel":"","context":"Similar post","img":{"alt_text":"","src":"","width":0,"height":0},"classes":[]},{"id":107,"url":"https:\/\/coaching37.fr\/index.php\/deontologie\/","url_meta":{"origin":211,"position":1},"title":"D\u00e9ontologie","date":"5 October 2017","format":false,"excerpt":"Ce code s\u2019applique aussi bien au coaching personnel que professionnel. Les libell\u00e9s en italique sont sp\u00e9cifiques au coaching en entreprise (notions d\u2019organisation et de donneur d\u2019ordre sp\u00e9cifiques). \u00a0 Devoirs du coach Exercice du Coaching Le coach s\u2019autorise en conscience \u00e0 exercer cette fonction \u00e0 partir de sa formation et de\u2026","rel":"","context":"Similar post","img":{"alt_text":"","src":"","width":0,"height":0},"classes":[]},{"id":77,"url":"https:\/\/coaching37.fr\/index.php\/prestations\/","url_meta":{"origin":211,"position":2},"title":"Prestations","date":"26 September 2017","format":false,"excerpt":"Quelque soit la prestation, le cadre est d\u00e9taill\u00e9 lors de la premi\u00e8re s\u00e9ance et est formalis\u00e9 via un contrat qui pr\u00e9cise le ou les objectifs et les conditions de r\u00e9alisation des s\u00e9ances (lieu, fr\u00e9quence, tarif). Coaching de groupe\u00a0: Le nombre de s\u00e9ances et la planification sont convenus lors de la\u2026","rel":"","context":"Similar post","img":{"alt_text":"","src":"","width":0,"height":0},"classes":[]},{"id":25,"url":"https:\/\/coaching37.fr\/","url_meta":{"origin":211,"position":3},"title":"Bienvenue,","date":"25 September 2017","format":false,"excerpt":"GUIDE EN SYLVOTHERAPIE SELON L'APPROCHE COACH RESPIRATION C'est avec plaisir que j'int\u00e8gre cette nouvelle approche dans ma pratique. J'ai \u00e9t\u00e9 form\u00e9e au sein de l'Ecole de Coach Respiration\u00a0aupr\u00e8s de Jean-Marie DEFOSSEZ et Laurence PAGANUCCI.\u00a0 Je vous propose d\u00e8s \u00e0 pr\u00e9sent des sorties collectives, individuelles, en couple, sur mesure, pour les\u2026","rel":"","context":"Similar post","img":{"alt_text":"","src":"","width":0,"height":0},"classes":[]},{"id":84,"url":"https:\/\/coaching37.fr\/index.php\/si-jetais-un-objet\/","url_meta":{"origin":211,"position":4},"title":"Si j'\u00e9tais un objet ...","date":"28 September 2017","format":false,"excerpt":"Lors d\u2019une de mes premi\u00e8res s\u00e9ances de coaching, mon coach m\u2019a demand\u00e9 de trouver un objet qui me repr\u00e9sente\u00a0! Quelle difficile t\u00e2che et que de r\u00e9flexions\u00a0! Un objet est par essence restrictif (une chaise rouge,\u2026) alors d\u2019un \u00eatre vivant est multiple... dans tous les cas, je cherchais un objet qui\u2026","rel":"","context":"Similar post","img":{"alt_text":"","src":"","width":0,"height":0},"classes":[]},{"id":195,"url":"https:\/\/coaching37.fr\/index.php\/un-coaching-nature-et-naturel\/","url_meta":{"origin":211,"position":5},"title":"Un coaching nature et naturel","date":"7 April 2019","format":false,"excerpt":"\"Nature\" parce que je pense que la Nature est inspiratrice, r\u00e9g\u00e9n\u00e9ratrice, exemplaire dans son adaptation. Un coaching Nature pour garder sa capacit\u00e9 d'\u00e9merveillement de ce qui nous entoure, pour que la Nature soit ou reste le rayon de soleil qui perce \u00e0 travers les nuages et qui nous donne l'espoir\u2026","rel":"","context":"Similar post","img":{"alt_text":"","src":"","width":0,"height":0},"classes":[]}],"_links":{"self":[{"href":"https:\/\/coaching37.fr\/index.php\/wp-json\/wp\/v2\/pages\/211"}],"collection":[{"href":"https:\/\/coaching37.fr\/index.php\/wp-json\/wp\/v2\/pages"}],"about":[{"href":"https:\/\/coaching37.fr\/index.php\/wp-json\/wp\/v2\/types\/page"}],"author":[{"embeddable":true,"href":"https:\/\/coaching37.fr\/index.php\/wp-json\/wp\/v2\/users\/1"}],"replies":[{"embeddable":true,"href":"https:\/\/coaching37.fr\/index.php\/wp-json\/wp\/v2\/comments?post=211"}],"version-history":[{"count":7,"href":"https:\/\/coaching37.fr\/index.php\/wp-json\/wp\/v2\/pages\/211\/revisions"}],"predecessor-version":[{"id":230,"href":"https:\/\/coaching37.fr\/index.php\/wp-json\/wp\/v2\/pages\/211\/revisions\/230"}],"wp:attachment":[{"href":"https:\/\/coaching37.fr\/index.php\/wp-json\/wp\/v2\/media?parent=211"}],"curies":[{"name":"wp","href":"https:\/\/api.w.org\/{rel}","templated":true}]}}