{"id":205,"date":"2019-04-07T15:54:35","date_gmt":"2019-04-07T13:54:35","guid":{"rendered":"http:\/\/coaching37.fr\/?page_id=205"},"modified":"2019-04-07T16:33:28","modified_gmt":"2019-04-07T14:33:28","slug":"coaching-dequipe","status":"publish","type":"page","link":"https:\/\/coaching37.fr\/index.php\/coaching-dequipe\/","title":{"rendered":"Coaching d&#8217;\u00e9quipe"},"content":{"rendered":"<p>Le coaching d&#8217;\u00e9quipe peut se pr\u00e9senter sous les quatre formes principales ci-dessous.<\/p>\n<pre>Team building<\/pre>\n<p>Il s&#8217;agit d&#8217;un acc\u00e9l\u00e9rateur permettant \u00e0 une \u00e9quipe qui n&#8217;a pas suffisamment de v\u00e9cu commun de se construire. Il s&#8217;agit sur une p\u00e9riode courte \u00a0(2 \u00e0 3 jours) de faire vivre des \u00e9v\u00e8nements sp\u00e9cifiques \u00e0 ce collectif. Il s&#8217;agit d&#8217;un accompagnement dense et rapproch\u00e9.<\/p>\n<pre>Team coaching<\/pre>\n<p>Il s&#8217;agit d&#8217;entrainer une \u00e9quipe de champions \u00e0 \u00eatre de plus en plus performants, vers une prise de d\u00e9cisions rapides. Il s&#8217;agit d&#8217;un accompagnement dans la dur\u00e9e (2, 3 heures par mois pendant un an).<\/p>\n<pre>Team coh\u00e9sion<\/pre>\n<p>Il s&#8217;agit d&#8217;accompagner une \u00e9quipe qui a d\u00e9j\u00e0 du v\u00e9cu mais dans laquelle des dysfonctionnements apparaissent au quotidien (des petits cailloux dans le fonctionnement). L&#8217;accompagnement sera r\u00e9alis\u00e9 en deux parties : 2 jours intensifs puis 2 ou 3 mois de suivi pour que les actions et d\u00e9cisions co-construites soient p\u00e9rennes.<\/p>\n<pre>Team consistency<\/pre>\n<p>Cet accompagnement s&#8217;appuie sur les comp\u00e9tences techniques que le coach a acquis lors d&#8217;une exp\u00e9rience pr\u00e9c\u00e9dente : cette expertise technique du coach va aider \u00e0 la prise de conscience du syst\u00e8me.<\/p>\n<p><a href=\"http:\/\/coaching37.fr\/index.php\/accueil\/coach-de-quoi\/coach-milieu-pro\/\">Retour\u00a0<\/a><\/p>\n<p>&nbsp;<\/p>\n","protected":false},"excerpt":{"rendered":"<p>Le coaching d&#8217;\u00e9quipe peut se pr\u00e9senter sous les quatre formes principales ci-dessous. Team building Il s&#8217;agit d&#8217;un acc\u00e9l\u00e9rateur permettant \u00e0 une \u00e9quipe qui n&#8217;a pas suffisamment de v\u00e9cu commun de se construire. Il s&#8217;agit sur une p\u00e9riode courte \u00a0(2 \u00e0 3 jours) de faire vivre des \u00e9v\u00e8nements sp\u00e9cifiques \u00e0 ce collectif. Il s&#8217;agit d&#8217;un accompagnement &hellip; <\/p>\n<p class=\"link-more\"><a href=\"https:\/\/coaching37.fr\/index.php\/coaching-dequipe\/\" class=\"more-link\">Continue reading<span class=\"screen-reader-text\"> &#8220;Coaching d&#8217;\u00e9quipe&#8221;<\/span><\/a><\/p>\n","protected":false},"author":1,"featured_media":0,"parent":0,"menu_order":0,"comment_status":"closed","ping_status":"closed","template":"","meta":{"spay_email":""},"jetpack_sharing_enabled":true,"jetpack_shortlink":"https:\/\/wp.me\/P9OI2S-3j","jetpack-related-posts":[{"id":211,"url":"https:\/\/coaching37.fr\/index.php\/coaching-individuel-professionnel\/","url_meta":{"origin":205,"position":0},"title":"Coaching individuel professionnel","date":"7 April 2019","format":false,"excerpt":"Coaching de performance Un accompagnement rapide de 4 \u00e0 5 s\u00e9ances pour favoriser la prise de d\u00e9cisions. Guidance Il s'agit d'un accompagnement sur mesure pour des personnes qui ont d\u00e9j\u00e0 r\u00e9alis\u00e9 un travail sur elles-m\u00eames et qui souhaitent continuer (12 \u00e0 15 s\u00e9ances). Crise Cette accompagnement tr\u00e8s sp\u00e9cifique est r\u00e9alis\u00e9\u2026","rel":"","context":"Similar post","img":{"alt_text":"","src":"","width":0,"height":0},"classes":[]},{"id":25,"url":"https:\/\/coaching37.fr\/","url_meta":{"origin":205,"position":1},"title":"Bienvenue,","date":"25 September 2017","format":false,"excerpt":"GUIDE EN SYLVOTHERAPIE SELON L'APPROCHE COACH RESPIRATION C'est avec plaisir que j'int\u00e8gre cette nouvelle approche dans ma pratique. J'ai \u00e9t\u00e9 form\u00e9e au sein de l'Ecole de Coach Respiration\u00a0aupr\u00e8s de Jean-Marie DEFOSSEZ et Laurence PAGANUCCI.\u00a0 Je vous propose d\u00e8s \u00e0 pr\u00e9sent des sorties collectives, individuelles, en couple, sur mesure, pour les\u2026","rel":"","context":"Similar post","img":{"alt_text":"","src":"","width":0,"height":0},"classes":[]},{"id":107,"url":"https:\/\/coaching37.fr\/index.php\/deontologie\/","url_meta":{"origin":205,"position":2},"title":"D\u00e9ontologie","date":"5 October 2017","format":false,"excerpt":"Ce code s\u2019applique aussi bien au coaching personnel que professionnel. Les libell\u00e9s en italique sont sp\u00e9cifiques au coaching en entreprise (notions d\u2019organisation et de donneur d\u2019ordre sp\u00e9cifiques). \u00a0 Devoirs du coach Exercice du Coaching Le coach s\u2019autorise en conscience \u00e0 exercer cette fonction \u00e0 partir de sa formation et de\u2026","rel":"","context":"Similar post","img":{"alt_text":"","src":"","width":0,"height":0},"classes":[]},{"id":84,"url":"https:\/\/coaching37.fr\/index.php\/si-jetais-un-objet\/","url_meta":{"origin":205,"position":3},"title":"Si j'\u00e9tais un objet ...","date":"28 September 2017","format":false,"excerpt":"Lors d\u2019une de mes premi\u00e8res s\u00e9ances de coaching, mon coach m\u2019a demand\u00e9 de trouver un objet qui me repr\u00e9sente\u00a0! Quelle difficile t\u00e2che et que de r\u00e9flexions\u00a0! Un objet est par essence restrictif (une chaise rouge,\u2026) alors d\u2019un \u00eatre vivant est multiple... dans tous les cas, je cherchais un objet qui\u2026","rel":"","context":"Similar post","img":{"alt_text":"","src":"","width":0,"height":0},"classes":[]},{"id":55,"url":"https:\/\/coaching37.fr\/index.php\/et-le-co-developpement-cest-quoi\/","url_meta":{"origin":205,"position":4},"title":"Le co-d\u00e9veloppement","date":"25 September 2017","format":false,"excerpt":"\u00a0 C\u2019est utiliser l\u2019intelligence collective afin de r\u00e9soudre une probl\u00e9matique amen\u00e9e par une personne. Il s\u2019adresse \u00e0 un collectif de pairs\u00a0: une \u00e9quipe ou des personnes ayant la m\u00eame fonction dans une ou plusieurs entreprises, dans le milieu","rel":"","context":"Similar post","img":{"alt_text":"","src":"","width":0,"height":0},"classes":[]},{"id":47,"url":"https:\/\/coaching37.fr\/index.php\/accueil\/qui-suis-je\/","url_meta":{"origin":205,"position":5},"title":"Qui suis je ?","date":"25 September 2017","format":false,"excerpt":"Ing\u00e9nieur de formation, j\u2019ai exerc\u00e9 en tant qu\u2019ing\u00e9nieur d\u2019\u00e9tudes, pilote de projets ou coordinatrice technique, en veillant sur chacun de mes missions \u00e0 \u00e9couter, comprendre, mettre en relation et f\u00e9d\u00e9rer les diff\u00e9rents acteurs. De nature cr\u00e9ative, je pratique le dessin, le piano, le chant,\u2026 Je puise mon inspiration dans la\u2026","rel":"","context":"Similar post","img":{"alt_text":"","src":"","width":0,"height":0},"classes":[]}],"_links":{"self":[{"href":"https:\/\/coaching37.fr\/index.php\/wp-json\/wp\/v2\/pages\/205"}],"collection":[{"href":"https:\/\/coaching37.fr\/index.php\/wp-json\/wp\/v2\/pages"}],"about":[{"href":"https:\/\/coaching37.fr\/index.php\/wp-json\/wp\/v2\/types\/page"}],"author":[{"embeddable":true,"href":"https:\/\/coaching37.fr\/index.php\/wp-json\/wp\/v2\/users\/1"}],"replies":[{"embeddable":true,"href":"https:\/\/coaching37.fr\/index.php\/wp-json\/wp\/v2\/comments?post=205"}],"version-history":[{"count":7,"href":"https:\/\/coaching37.fr\/index.php\/wp-json\/wp\/v2\/pages\/205\/revisions"}],"predecessor-version":[{"id":229,"href":"https:\/\/coaching37.fr\/index.php\/wp-json\/wp\/v2\/pages\/205\/revisions\/229"}],"wp:attachment":[{"href":"https:\/\/coaching37.fr\/index.php\/wp-json\/wp\/v2\/media?parent=205"}],"curies":[{"name":"wp","href":"https:\/\/api.w.org\/{rel}","templated":true}]}}