{"id":199,"date":"2019-04-07T15:40:44","date_gmt":"2019-04-07T13:40:44","guid":{"rendered":"http:\/\/coaching37.fr\/?page_id=199"},"modified":"2019-04-07T15:40:44","modified_gmt":"2019-04-07T13:40:44","slug":"et-plus-encore","status":"publish","type":"page","link":"https:\/\/coaching37.fr\/index.php\/et-plus-encore\/","title":{"rendered":"Et plus encore"},"content":{"rendered":"<blockquote class=\"wp-embedded-content\" data-secret=\"eikWCdTvbe\"><p><a href=\"http:\/\/coaching37.fr\/index.php\/si-jetais-un-objet\/\">Si j&#8217;\u00e9tais un objet &#8230;<\/a><\/p><\/blockquote>\n<p><iframe class=\"wp-embedded-content\" sandbox=\"allow-scripts\" security=\"restricted\" style=\"position: absolute; clip: rect(1px, 1px, 1px, 1px);\" src=\"http:\/\/coaching37.fr\/index.php\/si-jetais-un-objet\/embed\/#?secret=eikWCdTvbe\" data-secret=\"eikWCdTvbe\" width=\"525\" height=\"296\" title=\"&#8220;Si j&#8217;\u00e9tais un objet &#8230;&#8221; &#8212; Christelle VIDAL\" frameborder=\"0\" marginwidth=\"0\" marginheight=\"0\" scrolling=\"no\"><\/iframe><\/p>\n<blockquote class=\"wp-embedded-content\" data-secret=\"PKDctu4R6Z\"><p><a href=\"http:\/\/coaching37.fr\/index.php\/si-jetais-un-animal\/\">Si j&#8217;\u00e9tais un animal &#8230;<\/a><\/p><\/blockquote>\n<p><iframe class=\"wp-embedded-content\" sandbox=\"allow-scripts\" security=\"restricted\" style=\"position: absolute; clip: rect(1px, 1px, 1px, 1px);\" src=\"http:\/\/coaching37.fr\/index.php\/si-jetais-un-animal\/embed\/#?secret=PKDctu4R6Z\" data-secret=\"PKDctu4R6Z\" width=\"525\" height=\"296\" title=\"&#8220;Si j&#8217;\u00e9tais un animal &#8230;&#8221; &#8212; Christelle VIDAL\" frameborder=\"0\" marginwidth=\"0\" marginheight=\"0\" scrolling=\"no\"><\/iframe><\/p>\n<p>&nbsp;<\/p>\n","protected":false},"excerpt":{"rendered":"<p>&nbsp;<\/p>\n","protected":false},"author":1,"featured_media":0,"parent":0,"menu_order":0,"comment_status":"closed","ping_status":"closed","template":"","meta":{"spay_email":""},"jetpack_sharing_enabled":true,"jetpack_shortlink":"https:\/\/wp.me\/P9OI2S-3d","jetpack-related-posts":[{"id":87,"url":"https:\/\/coaching37.fr\/index.php\/si-jetais-un-animal\/","url_meta":{"origin":199,"position":0},"title":"Si j'\u00e9tais un animal ...","date":"28 September 2017","format":false,"excerpt":"Si j\u2019\u00e9tais un animal... Sans aucun doute, je serai un chat. Le chat est libre, ind\u00e9pendant, calme, serein et toujours pr\u00eat \u00e0 intervenir,\u2026","rel":"","context":"Similar post","img":{"alt_text":"","src":"","width":0,"height":0},"classes":[]},{"id":47,"url":"https:\/\/coaching37.fr\/index.php\/accueil\/qui-suis-je\/","url_meta":{"origin":199,"position":1},"title":"Qui suis je ?","date":"25 September 2017","format":false,"excerpt":"Ing\u00e9nieur de formation, j\u2019ai exerc\u00e9 en tant qu\u2019ing\u00e9nieur d\u2019\u00e9tudes, pilote de projets ou coordinatrice technique, en veillant sur chacun de mes missions \u00e0 \u00e9couter, comprendre, mettre en relation et f\u00e9d\u00e9rer les diff\u00e9rents acteurs. De nature cr\u00e9ative, je pratique le dessin, le piano, le chant,\u2026 Je puise mon inspiration dans la\u2026","rel":"","context":"Similar post","img":{"alt_text":"","src":"","width":0,"height":0},"classes":[]},{"id":84,"url":"https:\/\/coaching37.fr\/index.php\/si-jetais-un-objet\/","url_meta":{"origin":199,"position":2},"title":"Si j'\u00e9tais un objet ...","date":"28 September 2017","format":false,"excerpt":"Lors d\u2019une de mes premi\u00e8res s\u00e9ances de coaching, mon coach m\u2019a demand\u00e9 de trouver un objet qui me repr\u00e9sente\u00a0! Quelle difficile t\u00e2che et que de r\u00e9flexions\u00a0! Un objet est par essence restrictif (une chaise rouge,\u2026) alors d\u2019un \u00eatre vivant est multiple... dans tous les cas, je cherchais un objet qui\u2026","rel":"","context":"Similar post","img":{"alt_text":"","src":"","width":0,"height":0},"classes":[]},{"id":64,"url":"https:\/\/coaching37.fr\/index.php\/accueil\/coach-de-quoi\/","url_meta":{"origin":199,"position":3},"title":"Coach de quoi ?","date":"25 September 2017","format":false,"excerpt":"C'est souvent la premi\u00e8re question que l'on me pose lorsque je dis que je suis coach ! http:\/\/coaching37.fr\/index.php\/accueil\/coach-de-quoi\/coach-milieu-pro\/ http:\/\/coaching37.fr\/index.php\/et-le-co-developpement-cest-quoi\/ http:\/\/coaching37.fr\/index.php\/accueil\/coach-de-quoi\/coaching-de-vie\/","rel":"","context":"Similar post","img":{"alt_text":"","src":"","width":0,"height":0},"classes":[]},{"id":53,"url":"https:\/\/coaching37.fr\/index.php\/accueil\/coach-de-quoi\/coach-milieu-pro\/","url_meta":{"origin":199,"position":4},"title":"Le coaching dans le milieu professionnel","date":"25 September 2017","format":false,"excerpt":"","rel":"","context":"Similar post","img":{"alt_text":"","src":"","width":0,"height":0},"classes":[]},{"id":77,"url":"https:\/\/coaching37.fr\/index.php\/prestations\/","url_meta":{"origin":199,"position":5},"title":"Prestations","date":"26 September 2017","format":false,"excerpt":"Quelque soit la prestation, le cadre est d\u00e9taill\u00e9 lors de la premi\u00e8re s\u00e9ance et est formalis\u00e9 via un contrat qui pr\u00e9cise le ou les objectifs et les conditions de r\u00e9alisation des s\u00e9ances (lieu, fr\u00e9quence, tarif). Coaching de groupe\u00a0: Le nombre de s\u00e9ances et la planification sont convenus lors de la\u2026","rel":"","context":"Similar post","img":{"alt_text":"","src":"","width":0,"height":0},"classes":[]}],"_links":{"self":[{"href":"https:\/\/coaching37.fr\/index.php\/wp-json\/wp\/v2\/pages\/199"}],"collection":[{"href":"https:\/\/coaching37.fr\/index.php\/wp-json\/wp\/v2\/pages"}],"about":[{"href":"https:\/\/coaching37.fr\/index.php\/wp-json\/wp\/v2\/types\/page"}],"author":[{"embeddable":true,"href":"https:\/\/coaching37.fr\/index.php\/wp-json\/wp\/v2\/users\/1"}],"replies":[{"embeddable":true,"href":"https:\/\/coaching37.fr\/index.php\/wp-json\/wp\/v2\/comments?post=199"}],"version-history":[{"count":1,"href":"https:\/\/coaching37.fr\/index.php\/wp-json\/wp\/v2\/pages\/199\/revisions"}],"predecessor-version":[{"id":200,"href":"https:\/\/coaching37.fr\/index.php\/wp-json\/wp\/v2\/pages\/199\/revisions\/200"}],"wp:attachment":[{"href":"https:\/\/coaching37.fr\/index.php\/wp-json\/wp\/v2\/media?parent=199"}],"curies":[{"name":"wp","href":"https:\/\/api.w.org\/{rel}","templated":true}]}}