{"id":151,"date":"2017-10-23T12:58:28","date_gmt":"2017-10-23T10:58:28","guid":{"rendered":"http:\/\/coaching37.fr\/?page_id=151"},"modified":"2021-11-24T13:39:01","modified_gmt":"2021-11-24T12:39:01","slug":"ma-formation","status":"publish","type":"page","link":"https:\/\/coaching37.fr\/index.php\/ma-formation\/","title":{"rendered":"Mes formations"},"content":{"rendered":"<p><span style=\"text-decoration: underline;\">2017<\/span><\/p>\n<p>J&#8217;ai suivi la formation de &#8220;Coach personnel et professionnel&#8221; \u00e0<br \/>\nl&#8217;<a href=\"http:\/\/mhd-formation.com\/\">Ecole Fran\u00e7aise de Coaching, groupe MHD<\/a>.<\/p>\n<p>Je suis coach professionnelle certifi\u00e9.<\/p>\n<p>J&#8217;ai le titre professionnel RNCP &#8220;Coach professionnel Niveau II, code NSF315&#8221;.<\/p>\n<p><span style=\"text-decoration: underline;\">2018<\/span><\/p>\n<p>Formation &#8220;Cr\u00e9ativit\u00e9 et innovation&#8221;<\/p>\n<p>Formation &#8220;Les Cl\u00e9s du coaching Nature&#8221;<\/p>\n<p><span style=\"text-decoration: underline;\">2019<\/span><\/p>\n<p>Design thinking<\/p>\n<p>Sensibilisation \u00e0 la th\u00e9orie U (Otto Scharmer)<\/p>\n<p><span style=\"text-decoration: underline;\">2020<\/span><\/p>\n<p>&#8220;Le Ha\u00efku comme outil de coaching&#8221; aupr\u00e8s de Danielle BIRKEN<\/p>\n<p>Praticien en Art-th\u00e9rapie (en cours)<\/p>\n<p>Approche syst\u00e9mique Int\u00e9ractionnelle et strat\u00e9gique de Palo Alto (Niveau I) &#8211; formation r\u00e9alis\u00e9e \u00e0 l&#8217;<a href=\"https:\/\/www.institut-repere.com\/\">Institut Rep\u00e8res<\/a><\/p>\n<p><span style=\"text-decoration: underline;\">2021<\/span><\/p>\n<p>Participation au s\u00e9minaire &#8220;Improbable Art Thinking&#8221;<\/p>\n<p>&#8220;Accompagner les hommes et les \u00e9quipes dans le changement : D\u00e9marches et outils (CEGOS)<\/p>\n<p>Formation en sylvoth\u00e9rapie au sein de l&#8217;<a href=\"https:\/\/www.ecole-coach-respiration.com\">Ecole de Coach Respiration<\/a>.<\/p>\n","protected":false},"excerpt":{"rendered":"<p>2017 J&#8217;ai suivi la formation de &#8220;Coach personnel et professionnel&#8221; \u00e0 l&#8217;Ecole Fran\u00e7aise de Coaching, groupe MHD. Je suis coach professionnelle certifi\u00e9. J&#8217;ai le titre professionnel RNCP &#8220;Coach professionnel Niveau II, code NSF315&#8221;. 2018 Formation &#8220;Cr\u00e9ativit\u00e9 et innovation&#8221; Formation &#8220;Les Cl\u00e9s du coaching Nature&#8221; 2019 Design thinking Sensibilisation \u00e0 la th\u00e9orie U (Otto Scharmer) 2020 &hellip; <\/p>\n<p class=\"link-more\"><a href=\"https:\/\/coaching37.fr\/index.php\/ma-formation\/\" class=\"more-link\">Continue reading<span class=\"screen-reader-text\"> &#8220;Mes formations&#8221;<\/span><\/a><\/p>\n","protected":false},"author":1,"featured_media":0,"parent":0,"menu_order":0,"comment_status":"closed","ping_status":"closed","template":"","meta":{"spay_email":""},"jetpack_sharing_enabled":true,"jetpack_shortlink":"https:\/\/wp.me\/P9OI2S-2r","jetpack-related-posts":[{"id":107,"url":"https:\/\/coaching37.fr\/index.php\/deontologie\/","url_meta":{"origin":151,"position":0},"title":"D\u00e9ontologie","date":"5 October 2017","format":false,"excerpt":"Ce code s\u2019applique aussi bien au coaching personnel que professionnel. Les libell\u00e9s en italique sont sp\u00e9cifiques au coaching en entreprise (notions d\u2019organisation et de donneur d\u2019ordre sp\u00e9cifiques). \u00a0 Devoirs du coach Exercice du Coaching Le coach s\u2019autorise en conscience \u00e0 exercer cette fonction \u00e0 partir de sa formation et de\u2026","rel":"","context":"Similar post","img":{"alt_text":"","src":"","width":0,"height":0},"classes":[]},{"id":51,"url":"https:\/\/coaching37.fr\/index.php\/accueil\/coach-de-quoi\/coaching-de-vie\/","url_meta":{"origin":151,"position":1},"title":"Le coaching de vie","date":"25 September 2017","format":false,"excerpt":"Le coach de vie est un guide sur le chemin de la compr\u00e9hension et de l\u2019accomplissement de soi, en toute autonomie et en toute conscience. S\u2019accomplir\u2026 C\u2019est mieux se conna\u00eetre, se reconnecter ou se r\u00e9aligner avec ses besoins et ses valeurs et retrouver l\u2019estime de soi. C\u2019est faire des choix\u2026","rel":"","context":"Similar post","img":{"alt_text":"","src":"","width":0,"height":0},"classes":[]},{"id":77,"url":"https:\/\/coaching37.fr\/index.php\/prestations\/","url_meta":{"origin":151,"position":2},"title":"Prestations","date":"26 September 2017","format":false,"excerpt":"Quelque soit la prestation, le cadre est d\u00e9taill\u00e9 lors de la premi\u00e8re s\u00e9ance et est formalis\u00e9 via un contrat qui pr\u00e9cise le ou les objectifs et les conditions de r\u00e9alisation des s\u00e9ances (lieu, fr\u00e9quence, tarif). Coaching de groupe\u00a0: Le nombre de s\u00e9ances et la planification sont convenus lors de la\u2026","rel":"","context":"Similar post","img":{"alt_text":"","src":"","width":0,"height":0},"classes":[]},{"id":53,"url":"https:\/\/coaching37.fr\/index.php\/accueil\/coach-de-quoi\/coach-milieu-pro\/","url_meta":{"origin":151,"position":3},"title":"Le coaching dans le milieu professionnel","date":"25 September 2017","format":false,"excerpt":"","rel":"","context":"Similar post","img":{"alt_text":"","src":"","width":0,"height":0},"classes":[]},{"id":25,"url":"https:\/\/coaching37.fr\/","url_meta":{"origin":151,"position":4},"title":"Bienvenue,","date":"25 September 2017","format":false,"excerpt":"GUIDE EN SYLVOTHERAPIE SELON L'APPROCHE COACH RESPIRATION C'est avec plaisir que j'int\u00e8gre cette nouvelle approche dans ma pratique. J'ai \u00e9t\u00e9 form\u00e9e au sein de l'Ecole de Coach Respiration\u00a0aupr\u00e8s de Jean-Marie DEFOSSEZ et Laurence PAGANUCCI.\u00a0 Je vous propose d\u00e8s \u00e0 pr\u00e9sent des sorties collectives, individuelles, en couple, sur mesure, pour les\u2026","rel":"","context":"Similar post","img":{"alt_text":"","src":"","width":0,"height":0},"classes":[]},{"id":79,"url":"https:\/\/coaching37.fr\/index.php\/tarifs-et-conditions\/","url_meta":{"origin":151,"position":5},"title":"Tarifs et conditions","date":"26 September 2017","format":false,"excerpt":"Tarifs : Coaching de vie\u00a0: 65 euros la s\u00e9ance. Coaching en entreprise et co-d\u00e9velopement\u00a0: un devis est r\u00e9alis\u00e9 \u00e0 l\u2019issue du premier RDV de cadrage de la prestation demand\u00e9e. Lieux\u00a0: Coaching de vie\u00a0: Azay le Rideau ou \u00e0 domicile, par t\u00e9l\u00e9phone ou audio-conf\u00e9rence (skype, facetime,\u2026). Coaching professionnel et co-d\u00e9veloppement\u00a0: lieu\u2026","rel":"","context":"Similar post","img":{"alt_text":"","src":"","width":0,"height":0},"classes":[]}],"_links":{"self":[{"href":"https:\/\/coaching37.fr\/index.php\/wp-json\/wp\/v2\/pages\/151"}],"collection":[{"href":"https:\/\/coaching37.fr\/index.php\/wp-json\/wp\/v2\/pages"}],"about":[{"href":"https:\/\/coaching37.fr\/index.php\/wp-json\/wp\/v2\/types\/page"}],"author":[{"embeddable":true,"href":"https:\/\/coaching37.fr\/index.php\/wp-json\/wp\/v2\/users\/1"}],"replies":[{"embeddable":true,"href":"https:\/\/coaching37.fr\/index.php\/wp-json\/wp\/v2\/comments?post=151"}],"version-history":[{"count":13,"href":"https:\/\/coaching37.fr\/index.php\/wp-json\/wp\/v2\/pages\/151\/revisions"}],"predecessor-version":[{"id":292,"href":"https:\/\/coaching37.fr\/index.php\/wp-json\/wp\/v2\/pages\/151\/revisions\/292"}],"wp:attachment":[{"href":"https:\/\/coaching37.fr\/index.php\/wp-json\/wp\/v2\/media?parent=151"}],"curies":[{"name":"wp","href":"https:\/\/api.w.org\/{rel}","templated":true}]}}